{"id":2716,"date":"2012-06-05T04:15:08","date_gmt":"2012-06-05T11:15:08","guid":{"rendered":"http:\/\/www.consensus911.org\/?page_id=2716"},"modified":"2017-12-08T09:57:26","modified_gmt":"2017-12-08T17:57:26","slug":"point-mc-3-fr","status":"publish","type":"page","link":"https:\/\/www.consensus911.org\/fr\/point-mc-3-fr\/","title":{"rendered":"Point MC-3 (Fr)"},"content":{"rendered":"<h4 class=\"c9h4\">Point MC-3&nbsp;: Contestation au sujet de l\u2019heure d\u2019arriv\u00e9e de<br \/><span style=\"color: #ffffff\">Point MC-3&nbsp;:<\/span> Dick Cheney dans le bunker de la Maison Blanche<\/h4>\n<div class=\"c9text-fr\">\n<p class=\"c9np\"><a href=\"https:\/\/www.consensus911.org\/fr\/point-mc-2-fr\/\">&lt;&lt; Point pr\u00e9c\u00e9dent<\/a>, <a href=\"https:\/\/www.consensus911.org\/fr\/point-mc-4-fr\/\">Point suivant &gt;&gt;<\/a><\/p>\n<div class=\"c9hdr\"><a name=\"OFFICIAL\"><\/a>La version officielle<\/div>\n<p style=\"padding-left: 30px\"><span style=\"color: #000000\">Le Vice-pr\u00e9sident Dick Cheney a pris en main la riposte du gouvernement aux attaques du 11-Septembre apr\u00e8s \u00eatre entr\u00e9 au <a href=\"https:\/\/en.wikipedia.org\/wiki\/Presidential_Emergency_Operations_Center\">PEOC<\/a> (<a href=\"https:\/\/fr.wikipedia.org\/wiki\/Centre_op%C3%A9rationnel_d%27urgence_pr%C3%A9sidentiel\">centre d\u2019op\u00e9rations d\u2019urgence pr\u00e9sidentiel<\/a>), alias \u201cle bunker\u201d. Le rapport de la Commission sur le 11\/9 indique&nbsp;<a name=\"R_1\" href=\"#N_1\">[1]<\/a> que Cheney n&rsquo;est rentr\u00e9 dans le bunker qu\u2019un peu avant 10 heures du matin, c\u2019est-\u00e0-dire plus de 20 minutes apr\u00e8s la violente attaque du Pentagone qui a tu\u00e9 plus de 100 personnes.<\/span><\/p>\n<div class=\"c9hdr\"><a name=\"EVIDENCE\"><\/a>Les \u00e9l\u00e9ments les plus probants contre cette version officielle<\/div>\n<p style=\"padding-left: 30px\"><span style=\"color: #000000\">Le ministre des Transports, Norman Mineta, a d\u00e9clar\u00e9&nbsp;<a name=\"R_2\" href=\"#N_2\">[2]<\/a> \u00e0 la Commission sur le 11\/9 qu\u2019apr\u00e8s s&rsquo;\u00eatre joint \u00e0 Cheney et d&rsquo;autres personnes dans le bunker vers 9 h 20, il avait entendu une conversation entre Cheney et un jeune homme pendant l\u2019approche de l&rsquo;avion sur le Pentagone. Le jeune homme, apr\u00e8s avoir inform\u00e9 Cheney pour la troisi\u00e8me fois que l&rsquo;avion se rapprochait, demanda si \u201cles ordres tenaient toujours\u201d, ce \u00e0 quoi Cheney a r\u00e9pondu de fa\u00e7on cat\u00e9gorique que bien s\u00fbr, ils tenaient toujours. Le rapport de la Commission sur le 11\/9, en affirmant que Cheney n\u2019est entr\u00e9 dans le bunker que longtemps apr\u00e8s que le Pentagone a \u00e9t\u00e9 endommag\u00e9, implique que cet \u00e9change entre Cheney et le jeune homme &#8211; qui peut le plus naturellement \u00eatre compris comme une confirmation de Cheney \u00e0 un ordre de rester au sol &#8211; n&rsquo;aurait pas eu lieu. Cependant, le t\u00e9moignage indiquant que Cheney \u00e9tait bien dans le <a href=\"https:\/\/fr.wikipedia.org\/wiki\/Centre_op%C3%A9rationnel_d%27urgence_pr%C3%A9sidentiel\">PEOC<\/a> \u00e0 9 h 20 a \u00e9t\u00e9 fourni non seulement par Norman Mineta, mais aussi par Richard Clarke&nbsp;<a name=\"R_3\" href=\"#N_3\">[3]<\/a> ainsi que le photographe de la Maison Blanche David Bohrer.&nbsp;<a name=\"R_4\" href=\"#N_4\">[4]<\/a> Cheney lui-m\u00eame,&nbsp;<a name=\"R_5\" href=\"#N_5\">[5]<\/a> prenant la parole \u00e0 une conf\u00e9rence de presse 5 jours apr\u00e8s le 11-Septembre, a expliqu\u00e9 qu&rsquo;il \u00e9tait entr\u00e9 dans le PEOC AVANT que le Pentagone ne soit endommag\u00e9. La tentative de la Commission sur le 11\/9 d&rsquo;enterrer l&rsquo;\u00e9change entre Cheney et le jeune homme confirme l&rsquo;importance du t\u00e9moignage de Norman Mineta au sujet de cette conversation.<\/span><\/p>\n<p class=\"c9np\"><a href=\"https:\/\/www.consensus911.org\/fr\/point-mc-2-fr\/\">&lt;&lt; Point pr\u00e9c\u00e9dent<\/a>, <a href=\"https:\/\/www.consensus911.org\/fr\/point-mc-4-fr\/\">Point suivant &gt;&gt;<\/a><\/p>\n<div class=\"c9hdr\"><a name=\"REFS\"><\/a>R\u00e9f\u00e9rences du Point MC-3<\/div>\n<div class=\"c9refs\">\n<table class=\"ref_tbl\">\n<tr>\n<td class=\"ref_nrs\">\n<div class=\"refnrs\"><a name=\"N_1\" href=\"#R_1\">[1]<\/a><\/div>\n<\/td>\n<td class=\"ref_txt\">\n<div class=\"rtxt-fr\">\n<a href=\"https:\/\/911commission.gov\/report\/911Report.pdf\">Rapport de la Commission sur le 11\/9<\/a> (2004), note 213, p.&nbsp;464 (pdf-p.&nbsp;481).\n<\/div>\n<\/td>\n<\/tr>\n<tr>\n<td class=\"ref_nrs\">\n<div class=\"refnrs\"><a name=\"N_2\" href=\"#R_2\">[2]<\/a><\/div>\n<\/td>\n<td class=\"ref_txt\">\n<div class=\"rtxt-fr\">\n\u201c<a href=\"https:\/\/www.youtube.com\/watch?v=bDfdOwt2v3Y\">911 Commission &#8211; Trans. Sec. Norman Mineta Testimony<\/a> [Commission sur le 11\/9&nbsp;: T\u00e9moignage du secr\u00e9taire aux Transports Norman Mineta]\u201d (<i>YouTube: derdy<\/i>).\n<\/div>\n<\/td>\n<\/tr>\n<tr>\n<td class=\"ref_nrs\">\n<div class=\"refnrs\"><a name=\"N_3\" href=\"#R_3\">[3]<\/a><\/div>\n<\/td>\n<td class=\"ref_txt\">\n<div class=\"rtxt-fr\">\nRichard Clarke, \u201c<a href=\"http:\/\/www.amazon.com\/Against-All-Enemies-Inside-Americas\/dp\/0743260457\">Against all Enemies<\/a>\u201d, (New York: Free Press, 2004), pp. 2-5.\n<\/div>\n<\/td>\n<\/tr>\n<tr>\n<td class=\"ref_nrs\">\n<div class=\"refnrs\"><a name=\"N_4\" href=\"#R_4\">[4]<\/a><\/div>\n<\/td>\n<td class=\"ref_txt\">\n<div class=\"rtxt-fr\">\nVoir \u201c<i><a href=\"http:\/\/web.archive.org\/web\/20021003222152\/http:\/\/abcnews.go.com\/onair\/DailyNews\/sept11_moments_2.html\" target=\"_blank\">9\/11: Interviews by Peter Jennings<\/a> [Sept. 11 Scramble]<\/i>\u201d, <i>ABC News<\/i>, 14 septembre 2002.\n<\/div>\n<\/td>\n<\/tr>\n<tr>\n<td class=\"ref_nrs\">\n<div class=\"refnrs\"><a name=\"N_5\" href=\"#R_5\">[5]<\/a><\/div>\n<\/td>\n<td class=\"ref_txt\">\n<div class=\"rtxt-fr\">\n\u201c<a href=\"https:\/\/georgewbush-whitehouse.archives.gov\/vicepresident\/news-speeches\/speeches\/vp20010916.html\">The Vice President Appears on Meet the Press with Tim Russert<\/a> [Le vice-pr\u00e9sident \u00e0 l\u2019\u00e9mission <i>Meet the Press<\/i> de Tim Russert]\u201d, <i>MSNBC<\/i>, 16 septembre 2001\n<\/div>\n<\/td>\n<\/tr>\n<\/table>\n<\/div>\n<p><!-- c9refs -->\n<\/div>\n<p><!-- c9text --><\/p>\n","protected":false},"excerpt":{"rendered":"<p>Point MC-3&nbsp;: Contestation au sujet de l\u2019heure d\u2019arriv\u00e9e de<br \/>Point MC-3&nbsp;: Dick Cheney dans le bunker de la Maison Blanche <\/p>\n<p class=\"c9np\"><a href=\"https:\/\/www.consensus911.org\/fr\/point-mc-2-fr\/\">&lt;&lt; Point pr\u00e9c\u00e9dent<\/a>, <a href=\"https:\/\/www.consensus911.org\/fr\/point-mc-4-fr\/\">Point suivant &gt;&gt;<\/a><\/p>\n<p> <a name=\"OFFICIAL\"><\/a>La version officielle <\/p>\n<p style=\"padding-left: 30px\">Le Vice-pr\u00e9sident Dick Cheney a pris en main la riposte du gouvernement aux attaques du 11-Septembre apr\u00e8s \u00eatre entr\u00e9 au [&#8230;]<\/p>\n","protected":false},"author":105,"featured_media":0,"parent":0,"menu_order":124,"comment_status":"closed","ping_status":"closed","template":"","meta":{"footnotes":""},"class_list":["post-2716","page","type-page","status-publish","hentry"],"jetpack_sharing_enabled":true,"_links":{"self":[{"href":"https:\/\/www.consensus911.org\/fr\/wp-json\/wp\/v2\/pages\/2716","targetHints":{"allow":["GET"]}}],"collection":[{"href":"https:\/\/www.consensus911.org\/fr\/wp-json\/wp\/v2\/pages"}],"about":[{"href":"https:\/\/www.consensus911.org\/fr\/wp-json\/wp\/v2\/types\/page"}],"author":[{"embeddable":true,"href":"https:\/\/www.consensus911.org\/fr\/wp-json\/wp\/v2\/users\/105"}],"replies":[{"embeddable":true,"href":"https:\/\/www.consensus911.org\/fr\/wp-json\/wp\/v2\/comments?post=2716"}],"version-history":[{"count":5,"href":"https:\/\/www.consensus911.org\/fr\/wp-json\/wp\/v2\/pages\/2716\/revisions"}],"predecessor-version":[{"id":19254,"href":"https:\/\/www.consensus911.org\/fr\/wp-json\/wp\/v2\/pages\/2716\/revisions\/19254"}],"wp:attachment":[{"href":"https:\/\/www.consensus911.org\/fr\/wp-json\/wp\/v2\/media?parent=2716"}],"curies":[{"name":"wp","href":"https:\/\/api.w.org\/{rel}","templated":true}]}}