{"id":2990,"date":"2012-06-05T04:43:11","date_gmt":"2012-06-05T11:43:11","guid":{"rendered":"http:\/\/www.consensus911.org\/?page_id=2990"},"modified":"2024-02-04T15:09:26","modified_gmt":"2024-02-04T23:09:26","slug":"point-me-1-fr","status":"publish","type":"page","link":"https:\/\/www.consensus911.org\/fr\/point-me-1-fr\/","title":{"rendered":"Point ME-1 (Fr)"},"content":{"rendered":"<h4 class=\"c9h4\">Point ME-1&nbsp;: Les exercices militaires sont-ils la preuve que les militaires<br \/>\n<span style=\"color: #FFFFFF;\">Point ME-1:<\/span> \u00e9taient pr\u00e9par\u00e9s \u00e0 des d\u00e9tournements d&rsquo;avion depuis le territoire<br \/>\n<span style=\"color: #FFFFFF;\">Point ME-1:<\/span> US (aussi bien que depuis l\u2019\u00e9tranger)&nbsp;?<\/h4>\n<div class=\"c9text-fr\">\n<p class=\"c9np\" style=\"text-align: center;\"><a href=\"https:\/\/www.consensus911.org\/fr\/point-flt-4-fr\/\">&lt;&lt; Point pr\u00e9c\u00e9dent<\/a>, <a href=\"https:\/\/www.consensus911.org\/fr\/point-me-2-fr\/\">Point suivant &gt;&gt;<\/a><\/p>\n<div class=\"c9hdr\"><a name=\"OFFICIAL\"><\/a>La version officielle<\/div>\n<div style=\"padding-left: 30px;\">L&rsquo;effet de surprise fut essentiel \u00e0 la r\u00e9ussite des attaques du 11-Septembre, et cela a \u00e9t\u00e9 soulign\u00e9 par de hauts responsables de la Maison Blanche et du Pentagone.&nbsp;<a href=\"#N_1\" name=\"R_1\">[1]<\/a> L&rsquo;\u00e9l\u00e9ment de surprise, comme la Commission sur le 11\/9 l&rsquo;a fait remarquer, reposait sur deux facteurs&nbsp;:<\/p>\n<ul style=\"padding-left: 30px;\">\n<li>Des avions d\u00e9tourn\u00e9s utilis\u00e9s comme armes &#8211; une variante somme toute pr\u00e9visible des d\u00e9tournements traditionnels,&nbsp;<a href=\"#N_2\" name=\"R_2\">[2]<\/a><\/li>\n<li>Des attaques provenant de fa\u00e7on inattendue, de l&rsquo;int\u00e9rieur du pays, et non de l&rsquo;ext\u00e9rieur.&nbsp;<a href=\"#N_3\" name=\"R_3\">[3]<\/a><\/li>\n<\/ul>\n<\/div>\n<div class=\"c9hdr\"><a name=\"EVIDENCE\"><\/a>Les \u00e9l\u00e9ments les plus probants contre cette version officielle<\/div>\n<div style=\"padding-left: 30px;\">L&rsquo;arm\u00e9e \u00e9tait entra\u00een\u00e9e aux sc\u00e9narios d&rsquo;avions d\u00e9tourn\u00e9s utilis\u00e9s comme armes, y compris des avions d\u00e9tourn\u00e9s \u00e0 l&rsquo;int\u00e9rieur du pays. Le professeur John Arquilla, un expert en op\u00e9rations sp\u00e9ciales \u00e0 la <i>Naval Postgraduate School<\/i>, a d\u00e9clar\u00e9 en 2002 que \u201c<i>l&rsquo;id\u00e9e d&rsquo;une telle attaque [\u00e0 l&rsquo;aide d&rsquo;avions d\u00e9tourn\u00e9s pour des attentats-suicides contre des b\u00e2timents importants] \u00e9tait bien connue, et avait \u00e9t\u00e9 utilis\u00e9e comme sc\u00e9nario lors d\u2019exercices militaires ant\u00e9rieurs au 11-Septembre 2001, et des attaques a\u00e9riennes avaient d\u00e9j\u00e0 \u00e9t\u00e9 tent\u00e9es.\u201d<\/i>&nbsp;<a href=\"#N_4\" name=\"R_4\">[4]<\/a>De nombreux exercices d&rsquo;entra\u00eenement utilisant des avions comme armes avaient eu lieu avant le 11 septembre 2001:<\/p>\n<ul style=\"padding-left: 30px;\">\n<li>En octobre 2000, un exercice militaire incluait dans son sc\u00e9nario la simulation d&rsquo;un crash d&rsquo;avion sur le Pentagone. L&rsquo;exercice avait \u00e9t\u00e9 coordonn\u00e9 par le <i>Defense Protective Services Police<\/i> (Service de d\u00e9fense et protection de la police) et par l&rsquo;\u00c9quipe de gestion des urgences du Pentagone.&nbsp;<a href=\"#N_5\" name=\"R_5\">[5]<\/a> Le mensuel <i>US Medicine<\/i> a signal\u00e9 que deux services cliniques situ\u00e9s \u00e0 l&rsquo;int\u00e9rieur du Pentagone avaient \u00e9t\u00e9 entra\u00een\u00e9s en mai 2001 \u00e0 la frappe sur le Pentagone d&rsquo;un avion d\u00e9tourn\u00e9. \u201c<i>Bien que le minist\u00e8re de la D\u00e9fense ne disposa pas de la capacit\u00e9 &lsquo;in situ&rsquo; pour prot\u00e9ger le Pentagone d&rsquo;une attaque par un avion de ligne 757 d\u00e9tourn\u00e9 utilis\u00e9 comme une sorte de missile, le personnel m\u00e9dical du Minist\u00e8re de la D\u00e9fense avait \u00e9t\u00e9 form\u00e9 exactement \u00e0 ce sc\u00e9nario-l\u00e0 en mai<\/i>.\u201d&nbsp;<a href=\"#N_6\" name=\"R_6\">[6]<\/a><\/li>\n<li>Le minist\u00e8re des Transports \u00e0 Washington a tenu le 31 ao\u00fbt 2001 un exercice, qui selon Ellen Engleman, directrice de la recherche et des Projets sp\u00e9ciaux de l&rsquo;Administration, se d\u00e9crit ainsi&nbsp;:\n<p style=\"padding-left: 30px;\">\u201c<i>Ironie du sort ou hasard, faites votre choix&nbsp;: douze jours avant l&rsquo;incident du 11-Septembre, nous effectuions un exercice de simulation. C&rsquo;\u00e9tait en r\u00e9alit\u00e9 beaucoup plus qu&rsquo;un exercice &#8230; du genre, pr\u00e9paration aux Jeux olympiques &#8230; un exercice complet interdisciplinaire &#8230; Une partie de ce sc\u00e9nario, c&rsquo;est int\u00e9ressant, impliquait la possibilit\u00e9 d&rsquo;un avion d\u00e9tourn\u00e9 avec quelqu&rsquo;un appelant d&rsquo;un t\u00e9l\u00e9phone cellulaire ; au-del\u00e0 d&rsquo;autres aspects du sc\u00e9nario assez \u00e9tranges, douze jours plus tard, comme vous le savez, nous avons eu l&rsquo;\u00e9v\u00e9nement lui-m\u00eame<\/i>.\u201d&nbsp;<a href=\"#N_7\" name=\"R_7\">[7]<\/a><\/p>\n<\/li>\n<li>Une de ces op\u00e9rations impliquait des avions en provenance de l&rsquo;int\u00e9rieur des \u00c9tats-Unis. Selon <i>USA Today<\/i>:\n<p style=\"padding-left: 30px;\">\u201c<i>Dans les deux ans pr\u00e9c\u00e9dant les attentats du 11-Septembre, le North American Aerospace Defense Command (Commandement de D\u00e9fense a\u00e9rienne d&rsquo;Am\u00e9rique du Nord) a men\u00e9 des exercices simulant &#8230; des avions d\u00e9tourn\u00e9s utilis\u00e9s comme des armes et allant s&rsquo;\u00e9craser contre des cibles pour causer des pertes massives &#8230; Une op\u00e9ration planifi\u00e9e en juillet 2001 et r\u00e9alis\u00e9e plus tard imaginait des avions d\u00e9tourn\u00e9s depuis des a\u00e9roports de l&rsquo;Utah et de l&rsquo;\u00c9tat de Washington.<\/i>\u201d&nbsp;<a href=\"#N_8\" name=\"R_8\">[8]<\/a><\/p>\n<\/li>\n<li>L&rsquo;op\u00e9ration impliquant de multiples exercices avec des avions d\u00e9tourn\u00e9s depuis l&rsquo;int\u00e9rieur des \u00c9tats-Unis s&rsquo;appelait <i>Amalgam Virgo 2002<\/i>. Elle \u00e9tait pr\u00e9vue pour 1500 personnes en juillet 2001 et fut mis en \u0153uvre en juin 2002.&nbsp;<a href=\"#N_9\" name=\"R_9\">[9]<\/a><\/li>\n<\/ul>\n<\/div>\n<div class=\"c9hdr\"><a name=\"CONCLUSION\"><\/a>Conclusion<\/div>\n<div style=\"padding-left: 30px;\">Contrairement aux affirmations du Rapport de la Commission sur le 11-Septembre, l&rsquo;arm\u00e9e am\u00e9ricaine s&rsquo;est exerc\u00e9e avant le 11-Septembre \u00e0 des d\u00e9tournements impliquant \u2013 de l&rsquo;int\u00e9rieur comme de l&rsquo;ext\u00e9rieur de l&rsquo;espace a\u00e9rien am\u00e9ricain \u2013 des avions utilis\u00e9s comme des armes.Toute nouvelle enqu\u00eate devra se demander pourquoi les plus hauts responsables officiels ont ni\u00e9 que de telles pr\u00e9parations aient pr\u00e9c\u00e9d\u00e9 les attaques du 11-Septembre, et pourquoi, suite \u00e0 ces pr\u00e9paratifs, aucune mesure efficace n&rsquo;a \u00e9t\u00e9 prise pour emp\u00eacher les avions d\u00e9tourn\u00e9s d&rsquo;atteindre leurs cibles.<\/p>\n<\/div>\n<p class=\"c9np\" style=\"text-align: center;\"><a href=\"https:\/\/www.consensus911.org\/fr\/point-flt-4-fr\/\">&lt;&lt; Point pr\u00e9c\u00e9dent<\/a>, <a href=\"https:\/\/www.consensus911.org\/fr\/point-me-2-fr\/\">Point suivant &gt;&gt;<\/a><\/p>\n<div class=\"c9hdr\"><a name=\"REFS\"><\/a>R\u00e9f\u00e9rences du Point ME-1<\/div>\n<div class=\"c9refs\">\n<table class=\"ref_tbl\">\n<tbody>\n<tr>\n<td class=\"ref_nrs\">\n<div class=\"refnrs\"><a href=\"#R_1\" name=\"N_1\">[1]<\/a><\/div>\n<\/td>\n<td class=\"ref_txt\">\n<div class=\"rtxt-fr\">\nLe pr\u00e9sident George Bush a d\u00e9clar\u00e9, \u201c<i>Al-Qa\u00efda a frapp\u00e9 d&rsquo;une mani\u00e8re qui \u00e9tait inimaginable<\/i>.\u201d <i>White House News Release<\/i>. \u201c<i><a href=\"http:\/\/web.archive.org\/web\/20090110182255\/http:\/\/www.whitehouse.gov\/news\/releases\/2001\/09\/20010926-8.html\" target=\"_blank\" rel=\"noopener\">Le pr\u00e9sident rencontre des dirigeants musulmans<\/a><\/i>\u201d, 26 sept. 2001.<br \/>\nle secr\u00e9taire \u00e0 la D\u00e9fense Donald Rumsfeld a d\u00e9clar\u00e9: \u201c<i>Jamais \u00e7a n&rsquo;aurait travers\u00e9 l&rsquo;esprit de quiconque<\/i>.\u201d <a href=\"https:\/\/web.archive.org\/web\/20011123125254\/http:\/\/www.washingtonpost.com\/wp-srv\/nation\/specials\/attacked\/transcripts\/nbctext_093001.html\" target=\"_blank\" rel=\"noopener\">Rumsfeld sur NBC \u201c<i>Meet the Press<\/i><\/a>\u201d, 30 septembre 2001.<br \/>\nLe g\u00e9n\u00e9ral Richard Myer, commandant adjoint des chefs d&rsquo;\u00e9tat-major, a d\u00e9clar\u00e9: \u201c<i>Vous d\u00e9testez l&rsquo;admettre, mais nous n&rsquo;avions pas pens\u00e9 \u00e0 cette hypoth\u00e8se<\/i>.\u201d <i><a href=\"https:\/\/web.archive.org\/web\/20110224023900\/http:\/\/www.defense.gov\/news\/newsarticle.aspx?id=44621\" target=\"_blank\" rel=\"noopener\">American Free Press Service<\/a><\/i>, d\u00e9partement US de la D\u00e9fense, le 23 octobre 2001.<br \/>\nAri Fleischer, le secr\u00e9taire de la Maison Blanche, a d\u00e9clar\u00e9&nbsp;: \u201c<i>Jamais nous n&rsquo;avions imagin\u00e9 ce qui a eu lieu le 11-Septembre, quand des gens utilis\u00e8rent ces avions comme missiles et comme armes.<\/i>\u201d Ari Fleischer, <a href=\"http:\/\/web.archive.org\/web\/20020814201635\/http:\/www.whitehouse.gov\/news\/releases\/2002\/05\/20020516-4.html\" target=\"_blank\" rel=\"noopener\">Conf\u00e9rence de presse<\/a>, le 16 mai 2002. La Conseill\u00e8re \u00e0 la S\u00e9curit\u00e9 nationale, Condoleezza Rice a d\u00e9clar\u00e9: \u201c<i>Je ne pense pas que quiconque aurait pu pr\u00e9voir que ces gens prendraient un avion et le lanceraient contre le World Trade Center, qu&rsquo;ils en prendraient un autre et le lanceraient contre le Pentagone; qu&rsquo;ils essaieraient d&rsquo;utiliser un avion comme un missile, un avion d\u00e9tourn\u00e9 comme un missile.<\/i>\u201d Le conseiller \u00e0 la S\u00e9curit\u00e9 nationale <a href=\"http:\/\/web.archive.org\/web\/20020814201635\/http:\/\/www.whitehouse.gov\/news\/releases\/2002\/05\/20020516-4.html\" target=\"_blank\" rel=\"noopener\">donne une conf\u00e9rence de presse<\/a>, le 16 mai 2002.<\/div>\n<\/td>\n<\/tr>\n<tr>\n<td class=\"ref_nrs\">\n<div class=\"refnrs\"><a href=\"#R_2\" name=\"N_2\">[2]<\/a><\/div>\n<\/td>\n<td class=\"ref_txt\">\n<div class=\"rtxt-fr\">\n\u201c<i>En somme, les protocoles mis en place le 11-Septembre, d&rsquo;apr\u00e8s la FAA et le NORAD, r\u00e9pondaient \u00e0 un d\u00e9tournement pr\u00e9sum\u00e9 tel &#8230; que le d\u00e9tournement prendrait une forme traditionnelle&nbsp;: c&rsquo;est-\u00e0-dire qu&rsquo;il ne d&rsquo;agirait pas d&rsquo;un d\u00e9tournement-suicide con\u00e7u pour convertir l&rsquo;avion en un missile guid\u00e9<\/i>\u201d, <a href=\"https:\/\/911commission.gov\/report\/911Report.pdf\" target=\"_blank\" rel=\"noopener\">Rapport de la Commission sur le 11\/9<\/a>, p.&nbsp;18.<\/div>\n<\/td>\n<\/tr>\n<tr>\n<td class=\"ref_nrs\">\n<div class=\"refnrs\"><a href=\"#R_3\" name=\"N_3\">[3]<\/a><\/div>\n<\/td>\n<td class=\"ref_txt\">\n<div class=\"rtxt-fr\">\n\u201c<i>Les D\u00e9fenses de l&rsquo;Am\u00e9rique faisaient face \u00e0 l&rsquo;ext\u00e9rieur. Le NORAD lui-m\u00eame \u00e9tait \u00e0 peine capable de maintenir les bases en alerte. Ses sc\u00e9narios de planification consid\u00e9raient quelques fois le danger d&rsquo;un avion d\u00e9tourn\u00e9 guid\u00e9 vers des cibles am\u00e9ricaines, mais seulement avec des avions en provenance de l&rsquo;\u00e9tranger<\/i>.\u201d <a href=\"https:\/\/911commission.gov\/report\/911Report.pdf\" target=\"_blank\" rel=\"noopener\">Rapport de la Commission sur le 11\/9<\/a>, p.&nbsp;352.<\/div>\n<\/td>\n<\/tr>\n<tr>\n<td class=\"ref_nrs\">\n<div class=\"refnrs\"><a href=\"#R_4\" name=\"N_4\">[4]<\/a><\/div>\n<\/td>\n<td class=\"ref_txt\">\n<div class=\"rtxt-fr\">\nKevin Howe, \u201c<i><a href=\"http:\/\/web.archive.org\/web\/20021128002557\/http:\/\/www.montereyherald.com\/mld\/montereyherald\/3686928.htm\" target=\"_blank\" rel=\"noopener\">Expert Stresses Need for Intelligence<\/a><\/i>,\u201d <i>Monterey County Herald<\/i>, 18 juillet 2002. Ken Marchand, coresponsable de la conception de l&rsquo;exercice du NORAD, a d\u00e9clar\u00e9 \u00e0 la Commission en 2003 qu&rsquo;il ne pouvait pas \u201c<i>se souvenir d&rsquo;un moment dans les 33 derni\u00e8res ann\u00e9es o\u00f9 le NORAD n&rsquo;ait pas ex\u00e9cut\u00e9 un exercice de d\u00e9tournement.<\/i>\u201d <a href=\"http:\/\/web.archive.org\/web\/20110224024754\/http:\/\/media.nara.gov\/9-11\/MFR\/t-0148-911MFR-00790.pdf\" target=\"_blank\" rel=\"noopener\">Memorandum for the Record: Interview with Ken Merchant, NORAD<\/a>, 14 novembre 2003.<\/div>\n<\/td>\n<\/tr>\n<tr>\n<td class=\"ref_nrs\">\n<div class=\"refnrs\"><a href=\"#R_5\" name=\"N_5\">[5]<\/a><\/div>\n<\/td>\n<td class=\"ref_txt\">\n<div class=\"rtxt-fr\">\nDennis Ryan, \u201c<a href=\"https:\/\/web.archive.org\/web\/20040605101928\/https:\/\/www.globalresearch.ca\/articles\/RYA404A.html\" target=\"_blank\" rel=\"noopener\">L&rsquo;exercice MASCAL de planification d&rsquo;urgence au Pentagone simule des sc\u00e9narios pour la pr\u00e9paration aux situations d&rsquo;urgence<\/a>,\u201d 3 novembre 2000.<\/div>\n<\/td>\n<\/tr>\n<tr>\n<td class=\"ref_nrs\">\n<div class=\"refnrs\"><a href=\"#R_6\" name=\"N_6\">[6]<\/a><\/div>\n<\/td>\n<td class=\"ref_txt\">\n<div class=\"rtxt-fr\">\nMatt Mientka, \u201c<i>Pentagon Medics Trained for Strike (M\u00e9decins du Pentagone entra\u00een\u00e9s pour des frappes)<\/i>,\u201d <i>US m\u00e9decine<\/i>, octobre 2001. Bien que cette histoire a \u00e9t\u00e9 retir\u00e9e du site internet, une partie de celle-ci a \u00e9t\u00e9 sauvegard\u00e9e par <a href=\"https:\/\/aldeilis.net\/english\/pentagon-casualty-exercises-planned-for-the-911-hit\/\" target=\"_blank\" rel=\"noopener\">Aldeilis.net<\/a>.<\/div>\n<\/td>\n<\/tr>\n<tr>\n<td class=\"ref_nrs\">\n<div class=\"refnrs\"><a href=\"#R_7\" name=\"N_7\">[7]<\/a><\/div>\n<\/td>\n<td class=\"ref_txt\">\n<div class=\"rtxt-fr\">\n<i>National Transportation Security Summit<\/i>, Washington, DC, 30 octobre 2001, \u201c<a href=\"http:\/\/web.archive.org\/web\/20071113133050\/http:\/\/transweb.sjsu.edu\/mtiportal\/research\/publications\/documents\/terrorism\/Terrorism%20Symposium%202001.htm\" target=\"_blank\" rel=\"noopener\">Rapport MTI S-01-02<\/a>,\u201d Institut Mineta des Transports, Universit\u00e9 de l&rsquo;\u00c9tat de San Jos\u00e9, 2001.<\/div>\n<\/td>\n<\/tr>\n<tr>\n<td class=\"ref_nrs\">\n<div class=\"refnrs\"><a href=\"#R_8\" name=\"N_8\">[8]<\/a><\/div>\n<\/td>\n<td class=\"ref_txt\">\n<div class=\"rtxt-fr\">\nSteven Komarow et Tom Squitieri,\u201c<a href=\"https:\/\/web.archive.org\/web\/20121001152118\/http:\/\/usatoday30.usatoday.com\/news\/washington\/2004-04-18-norad_x.htm\" target=\"_blank\" rel=\"noopener\">Le NORAD avait effectu\u00e9 des exercices utilisant des Jets comme armes<\/a>,\u201d <i>USA Today<\/i>, le 18 avril 2004.<\/div>\n<\/td>\n<\/tr>\n<tr>\n<td class=\"ref_nrs\">\n<div class=\"refnrs\"><a href=\"#R_9\" name=\"N_9\">[9]<\/a><\/div>\n<\/td>\n<td class=\"ref_txt\">\n<div class=\"rtxt-fr\">\n\u201c<i><a href=\"https:\/\/transcripts.cnn.com\/show\/lt\/date\/2002-06-04\/segment\/08\" target=\"_blank\" rel=\"noopener\">Airborne Anti-Terrorist Operation Getting Underway<\/a><\/i>\u201d, CNN.com, 4 juin 2002; Gerry J. Gilmore, \u201c<a href=\"http:\/\/web.archive.org\/web\/20140215124705\/http:\/\/www.defense.gov\/news\/newsarticle.aspx?id=43789\" target=\"_blank\" rel=\"noopener\">NORAD&nbsp;: l&rsquo;exercice commandit\u00e9 pr\u00e9pare au pire des sc\u00e9narios<\/a>,\u201d <i>American Forces Press Service<\/i>.<\/div>\n<\/td>\n<\/tr>\n<\/tbody>\n<\/table>\n<\/div>\n<p><!-- c9refs --><\/p>\n<\/div>\n<p><!-- c9text --><\/p>\n","protected":false},"excerpt":{"rendered":"<p>Point ME-1&nbsp;: Les exercices militaires sont-ils la preuve que les militaires<br \/> Point ME-1: \u00e9taient pr\u00e9par\u00e9s \u00e0 des d\u00e9tournements d&rsquo;avion depuis le territoire<br \/> Point ME-1: US (aussi bien que depuis l\u2019\u00e9tranger)&nbsp;? <\/p>\n<p class=\"c9np\" style=\"text-align: center;\"><a href=\"https:\/\/www.consensus911.org\/fr\/point-flt-4-fr\/\">&lt;&lt; Point pr\u00e9c\u00e9dent<\/a>, <a href=\"https:\/\/www.consensus911.org\/fr\/point-me-2-fr\/\">Point suivant &gt;&gt;<\/a><\/p>\n<p> <a name=\"OFFICIAL\"><\/a>La version officielle L&rsquo;effet de surprise fut essentiel \u00e0 la r\u00e9ussite [&#8230;]<\/p>\n","protected":false},"author":105,"featured_media":0,"parent":0,"menu_order":130,"comment_status":"closed","ping_status":"closed","template":"","meta":{"footnotes":""},"class_list":["post-2990","page","type-page","status-publish","hentry"],"jetpack_sharing_enabled":true,"_links":{"self":[{"href":"https:\/\/www.consensus911.org\/fr\/wp-json\/wp\/v2\/pages\/2990","targetHints":{"allow":["GET"]}}],"collection":[{"href":"https:\/\/www.consensus911.org\/fr\/wp-json\/wp\/v2\/pages"}],"about":[{"href":"https:\/\/www.consensus911.org\/fr\/wp-json\/wp\/v2\/types\/page"}],"author":[{"embeddable":true,"href":"https:\/\/www.consensus911.org\/fr\/wp-json\/wp\/v2\/users\/105"}],"replies":[{"embeddable":true,"href":"https:\/\/www.consensus911.org\/fr\/wp-json\/wp\/v2\/comments?post=2990"}],"version-history":[{"count":5,"href":"https:\/\/www.consensus911.org\/fr\/wp-json\/wp\/v2\/pages\/2990\/revisions"}],"predecessor-version":[{"id":21945,"href":"https:\/\/www.consensus911.org\/fr\/wp-json\/wp\/v2\/pages\/2990\/revisions\/21945"}],"wp:attachment":[{"href":"https:\/\/www.consensus911.org\/fr\/wp-json\/wp\/v2\/media?parent=2990"}],"curies":[{"name":"wp","href":"https:\/\/api.w.org\/{rel}","templated":true}]}}