{"id":18812,"date":"2017-03-25T16:05:24","date_gmt":"2017-03-25T23:05:24","guid":{"rendered":"http:\/\/www.consensus911.org\/it\/?page_id=18812"},"modified":"2018-12-15T03:07:12","modified_gmt":"2018-12-15T11:07:12","slug":"punto-h-3-it","status":"publish","type":"page","link":"https:\/\/www.consensus911.org\/it\/punto-h-3-it\/","title":{"rendered":"Punto H-3 (IT)"},"content":{"rendered":"<h4 class=\"c9h4\">Punto H-3: L&#8217;affermazione che i dirottatori erano devoti musulmani<\/h4>\n<div class=\"c9text-it\">\n<p class=\"c9np\"><a href=\"https:\/\/www.consensus911.org\/it\/punto-mc-8-it\/\">&lt;&lt; Punto precedente<\/a>, <a href=\"https:\/\/www.consensus911.org\/it\/punto-h-4-it\/\">Punto successivo &gt;&gt;<\/a><\/p>\n<p><a name=\"OFFICIAL\"><\/a><\/p>\n<div class=\"c9hdr\">La versione ufficiale<\/div>\n<div style=\"padding-left: 30px\">\n<p>I quattro aerei dell&#8217;11 settembre sono stati dirottati da devoti musulmani. Secondo il rapporto della commissione 11 settembre, Mohamed Atta, il capogruppo, aveva \u201cadottato il fondamentalismo\u201d.&nbsp;<a name=\"R_1\" href=\"#N_1\">[1]<\/a> I dirottatori, in base al loro credo, erano diventati \u201cun gruppo di combattenti addestrati disposti a morire\u201d.&nbsp;<a name=\"R_2\" href=\"#N_2\">[2]<\/a><\/p>\n<\/div>\n<p><a name=\"EVIDENCE\"><\/a><\/p>\n<div class=\"c9hdr\">Le prove migliori<\/div>\n<div style=\"padding-left: 30px\">\n<p>La versione ufficiale \u00e8 imperniata sul fatto che gli aerei dell&#8217;11 settembre furono dirottati da devoti musulmani. Devoti abbastanza da essere disposti a morire per la causa. Nonostante questo, i media mainstream hanno pubblicato svariati articoli che contraddicevano il fatto che i presunti dirottatori fossero devoti musulmani.<\/p>\n<p>Cinque giorni dopo l&#8217;11 settembre, un articolo del <i>Daily Mail<\/i> di Londra riportava:<\/p>\n<div style=\"padding-left: 30px\">\nAl bar Sunrise 251 di Palm Beach, [Mohamed] Atta e [Marwan] Al Shehhi hanno speso $ 1000 in 45 minuti in bottiglie di champagne Krug e Perrier-Jouet &#8230; Atta era in compagnia di una bruna formosa alta 1,80, sui 25-30 anni. L&#8217;altro uomo era con una bionda pi\u00f9 piccola. Ambedue le donne erano conosciute nella zona come accompagnatrici abituali di gente spendacciona.&nbsp;<a name=\"R_3\" href=\"#N_3\">[3]<\/a><\/p>\n<\/div>\n<p>Un mese dopo l&#8217;11 settembre un articolo del Boston Herald intitolato \u201cI terroristi si divertivano con le prostitute in un albergo\u201d riportava:<\/p>\n<div style=\"padding-left: 30px\">\nL&#8217;autista di un paio di servizi di escort della zona ha dichiarato ieri all&#8217;Herald di aver portato una prostituta al Park Inn di Chestnut Hill il 9 settembre, intorno alle 22:30. Questa donna \u00e8 andata a letto con uno degli assassini. Per lei era il secondo viaggio nella stanza del terrorista quel giorno. Secondo alcune fonti, due dei dirottatori del volo 11 che si \u00e8 schiantato nel World Trade Center &#8211; Waleed M. Alshehri e Wail Alshehri &#8211; hanno trascorso il 9 settembre all&#8217;hotel Route 9. Questa commistione peccaminosa dei terroristi \u00e8 soltanto l&#8217;ultimo anello che unisce questi assassini seguaci del Corano con il pi\u00f9 lurido ambiente sessuale americano.&nbsp;<a name=\"R_4\" href=\"#N_4\">[4]<\/a><\/p>\n<\/div>\n<p>Una settimana prima un articolo del <i>San Francisco Chronicle<\/i> intitolato \u201cGli uomini del terrore lasciano il segno nella citt\u00e0 del peccato\u201d, riportava che cinque di questi sedicenti guerrieri di Allah, incluso Mohamed Atta, si erano distinti in comportamenti decisamente anti-islamici, regalandosi i piaceri proibiti [compresa la <a href=\"https:\/\/de.wikipedia.org\/wiki\/Lapdance\">lap-dance<\/a>] nella capitale americana della corruzione morale, Las Vegas. Gli investigatori hanno dichiarato che questo gruppo \u201cha fatto almeno sei viaggi in questa citt\u00e0\u201d. L&#8217;articolo citava il Dott. Osama Haikal, presidente della \u201c<a href=\"https:\/\/www.manta.com\/c\/mm2fgn7\/the-islamic-foundation-of-nevada\">Islamic Foundation of Nevada<\/a> [commissione della fondazione islamica del Nevada]\u201d (<a href=\"\/wp-content\/uploads\/2018\/12\/The_Islamic_Foundation_Of_Nevada.zip\">backup<\/a>), che ha detto: \u201cI veri musulmani non bevono, non giocano d&#8217;azzardo, non vanno nei night-clubs\u201d.&nbsp;<a name=\"R_5\" href=\"#N_5\">[5]<\/a><\/p>\n<p>Il 10 ottobre il <i>Wall Street Journal<\/i> riassumeva queste vicende in un redazionale intitolato \u201cI parties sessuali dei terroristi\u201d. Per quanto l&#8217;articolo indicasse solo implicitamente la contraddizione &#8211; grazie al suo titolo ironico &#8211; il problema era gi\u00e0 stato descritto in modo esplicito cinque giorni dopo l&#8217;11 settembre da un articolo del <i>South Florida Sun-Sentinel<\/i> intitolato. \u201cLe azioni dei sospettati: i conti non tornano\u201d.&nbsp;<a name=\"R_6\" href=\"#N_6\">[6]<\/a><\/p>\n<p>Tre tizi che si divertivano con le lap dancers al Pink Pony Nude Theater. Altre due che trangugiavano bicchieri di <a href=\"https:\/\/en.wikipedia.org\/wiki\/Stolichnaya\">Stolichnaya<\/a>, rum e coca cola in un ristorante di <a href=\"https:\/\/it.wikipedia.org\/wiki\/Hollywood_(Florida)\">Hollywood, Florida<\/a> il weekend prima di compiere una strage e di suicidarsi &#8230; Non \u00e8 certo questa l&#8217;immagine dei devoti musulmani, ci dicono gli esperti. Tanto meno \u00e8 quella di zelanti religiosi che stanno passando i loro ultimi giorni sulla terra &#8230; Mahmoud Mustafa Ayoub, un professore della Temple University di Philadelphia, ha detto: \u201cUn devoto musulmano non pu\u00f2 bere alcol e divertirsi con le spogliarelliste, e poi aspettarsi di andare in paradiso. \u00c8 incomprensibile come una persona possa bere e andare agli strip-tease una sera, e poi uccidersi il giorno dopo nel nome dell&#8217;Islam &#8230; Qui i conti non tornano\u201d.&nbsp;<a name=\"R_7\" href=\"#N_7\">[7]<\/a><\/p>\n<p>La Commissione 11 settembre non ci ha spiegato come la loro descrizione dei dirottatori come \u201cdevoti musulmani\u201d potesse riconciliarsi con questi articoli di giornale. Semplicemente, ha scelto di ignorarli. Ad esempio, riguardo al viaggio di Atta e due altri dirottatori a Las Vegas, circa un mese prima dell&#8217;11 settembre, la Commissione ha scritto: \u201cAl di l\u00e0 del fatto che Las Vegas \u00e8 nota per accogliere i turisti, non abbiamo trovato prove plausibili che possano spiegare perch\u00e9 questi personaggi si siano recati a Las Vegas, in questa e in altre occasioni\u201d.&nbsp;<a name=\"R_8\" href=\"#N_8\">[8]<\/a><\/p>\n<\/div>\n<p><a name=\"CONCLUSION\"><\/a><\/p>\n<div class=\"c9hdr\">Conclusioni<\/div>\n<div style=\"padding-left: 30px\">\n<p>Il comportamento degli uomini accusati di aver dirottato gli aerei l&#8217;11 di settembre non pu\u00f2 in alcun modo riconciliarsi con l&#8217;affermazione che fossero dei devoti musulmani.<\/p>\n<p>La commissione 11 settembre non ha fatto alcuno sforzo per ricomporre questa contraddizione. Ha semplicemente sostenuto che questi uomini erano devoti, e che il loro leader era diventato fondamentalista, mentre ignoravano palesemente tutte le notizie che contraddicevano queste affermazioni.<\/p>\n<p>Se i mainstream media avessero tratto le dovute conclusioni dagli articoli che loro stessi pubblicavano, e che smentivano l&#8217;affermazione della Commissione 11 settembre sui \u201cdevoti musulmani\u201d, il pubblico americano si sarebbe reso conto che gli attentati dell&#8217;11 settembre non avrebbero potuto fornire alcun pretesto per andare ad aggredire dei paesi musulmani.<\/p>\n<\/div>\n<p class=\"c9np\"><a href=\"https:\/\/www.consensus911.org\/it\/punto-mc-8-it\/\">&lt;&lt; Punto precedente<\/a>, <a href=\"https:\/\/www.consensus911.org\/it\/punto-h-4-it\/\">Punto successivo &gt;&gt;<\/a><\/p>\n<p><a name=\"REFS\"><\/a><\/p>\n<div class=\"c9hdr\">Note di riferimento per il punto H-3<\/div>\n<div class=\"c9refs\">\n<table class=\"ref_tbl\">\n<tr>\n<td class=\"ref_nrs\">\n<div class=\"refnrs\"><a name=\"N_1\" href=\"#R_1\">[1]<\/a><\/div>\n<\/td>\n<td class=\"ref_txt\">\n<div class=\"rtxt-it\">\n<i><a href=\"https:\/\/www.amazon.com\/11-Commission-Report-Terrorist-Authorized\/dp\/0393326713\/\"><i>The 9\/11 Commission Report<\/i>: Final Report of the National Commission on Terrorist Attacks upon the United States<\/a><\/i>, authorized edition (W. W. Norton, 2004), 160 (<a href=\"https:\/\/911commission.gov\/report\/911Report.pdf\">pdf<\/a>: 177). The text says: \u201cWhen Atta arrived in Germany, he appeared religious, but not fanatically so. This would change &#8230; \u201d\n<\/div>\n<\/td>\n<\/tr>\n<tr>\n<td class=\"ref_nrs\">\n<div class=\"refnrs\"><a name=\"N_2\" href=\"#R_2\">[2]<\/a><\/div>\n<\/td>\n<td class=\"ref_txt\">\n<div class=\"rtxt-it\">\nIbid., 154.\n<\/div>\n<\/td>\n<\/tr>\n<tr>\n<td class=\"ref_nrs\">\n<div class=\"refnrs\"><a name=\"N_3\" href=\"#R_3\">[3]<\/a><\/div>\n<\/td>\n<td class=\"ref_txt\">\n<div class=\"rtxt-it\">\nEric Bailey, \u201cIt Was a Little Strange. Most People Want to Do Take-Offs and Landings. All They Did Was Turns,\u201d <i>Daily Mail<\/i>, 16 September 2001.\n<\/div>\n<\/td>\n<\/tr>\n<tr>\n<td class=\"ref_nrs\">\n<div class=\"refnrs\"><a name=\"N_4\" href=\"#R_4\">[4]<\/a><\/div>\n<\/td>\n<td class=\"ref_txt\">\n<div class=\"rtxt-it\">\nDavid Wedge, \u201c<a href=\"http:\/\/web.archive.org\/web\/20011010224657\/www.bostonherald.com\/attack\/investigation\/ausprob10102001.htm\">Terrorists Partied with Hooker at Hub-Area Hotel<\/a>,\u201d <i>Boston Herald<\/i>, 10 October 2001.\n<\/div>\n<\/td>\n<\/tr>\n<tr>\n<td class=\"ref_nrs\">\n<div class=\"refnrs\"><a name=\"N_5\" href=\"#R_5\">[5]<\/a><\/div>\n<\/td>\n<td class=\"ref_txt\">\n<div class=\"rtxt-it\">\nKevin Fagan, \u201c<a href=\"https:\/\/www.sfgate.com\/news\/article\/Agents-of-terror-leave-their-mark-on-Sin-City-2873407.php\">Agents of Terror Leave Their Mark on Sin City<\/a>,\u201d <i>San Francisco Chronicle<\/i>, 4 October 2001.\n<\/div>\n<\/td>\n<\/tr>\n<tr>\n<td class=\"ref_nrs\">\n<div class=\"refnrs\"><a name=\"N_6\" href=\"#R_6\">[6]<\/a><\/div>\n<\/td>\n<td class=\"ref_txt\">\n<div class=\"rtxt-it\">\n\u201c<a href=\"http:\/\/web.archive.org\/web\/20011107154833\/http:\/\/www.opinionjournal.com\/best\/?id=95001298\">Terrorist Stag Parties<\/a>,\u201d <i>Wall Street Journal<\/i>, 10 October 2001.\n<\/div>\n<\/td>\n<\/tr>\n<tr>\n<td class=\"ref_nrs\">\n<div class=\"refnrs\"><a name=\"N_7\" href=\"#R_7\">[7]<\/a><\/div>\n<\/td>\n<td class=\"ref_txt\">\n<div class=\"rtxt-it\">\nJody A. Benjamin, \u201c<a href=\"http:\/\/web.archive.org\/web\/20010916150533\/http:\/\/www.sun-sentinel.com\/news\/local\/southflorida\/sfl-warriors916.story\">Suspects\u2019 Actions Don\u2019t Add Up<\/a>,\u201d <i>South Florida Sun-Sentinel<\/i>, 16 September 2001.\n<\/div>\n<\/td>\n<\/tr>\n<tr>\n<td class=\"ref_nrs\">\n<div class=\"refnrs\"><a name=\"N_8\" href=\"#R_8\">[8]<\/a><\/div>\n<\/td>\n<td class=\"ref_txt\">\n<div class=\"rtxt-it\">\n<i><a href=\"https:\/\/911commission.gov\/report\/911Report.pdf\"><i>The 9\/11 Commission Report<\/i><\/a><\/i>, 248 (pdf:&nbsp;265).\n<\/div>\n<\/td>\n<\/tr>\n<\/table>\n<\/div>\n<p><!-- c9refs -->\n<\/div>\n<p><!-- c9text --><\/p>\n","protected":false},"excerpt":{"rendered":"<p>Punto H-3: L&#8217;affermazione che i dirottatori erano devoti musulmani <\/p>\n<p class=\"c9np\"><a href=\"https:\/\/www.consensus911.org\/it\/punto-mc-8-it\/\">&lt;&lt; Punto precedente<\/a>, <a href=\"https:\/\/www.consensus911.org\/it\/punto-h-4-it\/\">Punto successivo &gt;&gt;<\/a><\/p>\n<p><a name=\"OFFICIAL\"><\/a><\/p>\n<p> La versione ufficiale <\/p>\n<p>I quattro aerei dell&#8217;11 settembre sono stati dirottati da devoti musulmani. Secondo il rapporto della commissione 11 settembre, Mohamed Atta, il capogruppo, aveva \u201cadottato il fondamentalismo\u201d.&nbsp;<a name=\"R_1\" href=\"#N_1\">[1]<\/a> I dirottatori, in base [&#8230;]<\/p>\n","protected":false},"author":111,"featured_media":0,"parent":0,"menu_order":0,"comment_status":"closed","ping_status":"closed","template":"","meta":{"footnotes":""},"class_list":["post-18812","page","type-page","status-publish","hentry"],"jetpack_sharing_enabled":true,"_links":{"self":[{"href":"https:\/\/www.consensus911.org\/it\/wp-json\/wp\/v2\/pages\/18812","targetHints":{"allow":["GET"]}}],"collection":[{"href":"https:\/\/www.consensus911.org\/it\/wp-json\/wp\/v2\/pages"}],"about":[{"href":"https:\/\/www.consensus911.org\/it\/wp-json\/wp\/v2\/types\/page"}],"author":[{"embeddable":true,"href":"https:\/\/www.consensus911.org\/it\/wp-json\/wp\/v2\/users\/111"}],"replies":[{"embeddable":true,"href":"https:\/\/www.consensus911.org\/it\/wp-json\/wp\/v2\/comments?post=18812"}],"version-history":[{"count":5,"href":"https:\/\/www.consensus911.org\/it\/wp-json\/wp\/v2\/pages\/18812\/revisions"}],"predecessor-version":[{"id":20637,"href":"https:\/\/www.consensus911.org\/it\/wp-json\/wp\/v2\/pages\/18812\/revisions\/20637"}],"wp:attachment":[{"href":"https:\/\/www.consensus911.org\/it\/wp-json\/wp\/v2\/media?parent=18812"}],"curies":[{"name":"wp","href":"https:\/\/api.w.org\/{rel}","templated":true}]}}