{"id":18817,"date":"2017-03-25T17:11:51","date_gmt":"2017-03-26T00:11:51","guid":{"rendered":"http:\/\/www.consensus911.org\/it\/?page_id=18817"},"modified":"2025-10-18T11:52:25","modified_gmt":"2025-10-18T18:52:25","slug":"punto-h-4-it","status":"publish","type":"page","link":"https:\/\/www.consensus911.org\/it\/punto-h-4-it\/","title":{"rendered":"Punto H-4 (IT)"},"content":{"rendered":"<h4 class=\"c9h4\">Punto H-4: L&#8217;affermazione che Mohamed Atta era diventato un fanatico<br \/>\n<span style=\"color: #ffffff\">Punto H-4:<\/span> religioso musulmano<\/h4>\n<div class=\"c9text-it\">\n<p class=\"c9np\"><a href=\"https:\/\/www.consensus911.org\/it\/punto-h-3-it\/\">&lt;&lt; Punto precedente<\/a>, <a href=\"https:\/\/www.consensus911.org\/it\/punto-g-1-it\/\">Punto successivo &gt;&gt;<\/a><\/p>\n<p><a name=\"INTRO\"><\/a><\/p>\n<div class=\"c9hdr\">Introduzione<\/div>\n<div style=\"padding-left: 30px\">\n<p>Come mostrato nel Punto precedente (\u201c<a href=\"https:\/\/www.consensus911.org\/it\/punto-h-3-it\/\">L&#8217;affermazione che i dirottatori erano devoti musulmani<\/a>\u201d), i presunti dirottatori dell&#8217;11 settembre non rispecchiavano la descrizione di devoti musulmani data loro dalla Commissione 11 settembre, e in particolar modo quella di Mohamed Atta, che si dice fosse diventato un fanatico religioso dopo essere stato in Germania.&nbsp;<a name=\"R_1\" href=\"#N_1\">[1]<\/a> Questo Punto offre una spiegazione di come Mohamed Atta possa anche essere stato molto devoto mentre era in Germania, anche se l&#8217;atteggiamento di Mohamed Atta negli Stati Uniti ci dice che non lo fosse.<\/p>\n<\/div>\n<p><a name=\"OFFICIAL\"><\/a><\/p>\n<div class=\"c9hdr\">La versione ufficiale<\/div>\n<div style=\"padding-left: 30px\">\n<p>Gli aerei dell&#8217;11 settembre sono stati dirottati da devoti musulmani pronti a morire per la loro causa. Secondo il rapporto della Commissione 11 settembre, i dirottatori erano diventati \u201cun gruppo di combattenti addestrati disposti a morire\u201d.&nbsp;<a name=\"R_2\" href=\"#N_2\">[2]<\/a> Il rapporto ci dice anche che Mohamed Atta, definito il capobanda, entro il 1998 era diventato estremamente religioso, addirittura \u201cin modo fanatico\u201d.&nbsp;<a name=\"R_3\" href=\"#N_3\">[3]<\/a><\/p>\n<\/div>\n<p><a name=\"EVIDENCE\"><\/a><\/p>\n<div class=\"c9hdr\">Le prove migliori<\/div>\n<div style=\"padding-left: 30px\">\n<p>Oltre agli articoli di giornale sui dirottatori, che suggerivano (vedi <a href=\"https:\/\/www.consensus911.org\/it\/punto-h-3-it\/\"><i>Punto H-3<\/i><\/a>) che non fossero affatto dei devoti musulmani, ci furono svariate notizie che riguardavano Atta in particolare.<\/p>\n<p>Ad esempio, articoli pubblicati sui giornali di <a href=\"https:\/\/it.wikipedia.org\/wiki\/Venice_(Florida)\">Venice, in Florida<\/a>, raccontavano che Atta avesse vissuto l\u00ec per molti mesi. Il giornalista di indagine Daniel Hopsicker era andato a Venice, dove ha scoperto che Atta ed una giovane donna di nome Amanda Keller avevano fatto un viaggio a Key West con altre persone, durante il quale avevano bevuto pesantemente e avevano assunto cocaina.&nbsp;<a name=\"R_4\" href=\"#N_4\">[4]<\/a><\/p>\n<p>Un altro esempio riguarda una delle storie pi\u00f9 conosciute sul comportamento non-musulmano di Atta. Il fatto \u00e8 avvenuto nel ristorante \u201c<a href=\"https:\/\/www.youtube.com\/watch?v=Q6W4L-HK-Os&amp;t=19m30s\">Shuckums<\/a>\u201d di <a href=\"https:\/\/it.wikipedia.org\/wiki\/Hollywood_(Florida)\">Hollywood, in Florida<\/a>.&nbsp;<a name=\"R_5\" href=\"#N_5\">[5]<\/a> Secondo un giornale della Florida, due dei dirottatori \u201ctrangugiavano bicchieri di Stolichnaya, rum e coca cola in un ristorante di Hollywood, il weekend prima [dell&#8217;11 settembre]\u201d.&nbsp;<a name=\"R_6\" href=\"#N_6\">[6]<\/a> Secondo il manager del ristorante \u201cil tizio Mohamed era ubriaco e strascicava le parole\u201d. Secondo il barista, Atta e il suo amico \u201cerano completamente fatti\u201d.&nbsp;<a name=\"R_7\" href=\"#N_7\">[7]<\/a><\/p>\n<p>Secondo un terzo articolo:<\/p>\n<div style=\"padding-left: 30px\">\nIn Florida molti dei dirottatori, compreso il presunto capobanda Mohamed Atta, hanno speso dai 200 ai 300 dollari ciascuno per le <a href=\"https:\/\/de.wikipedia.org\/wiki\/Lapdance\">lap-dance<\/a> al Pink Pony strip club.&nbsp;<a name=\"R_8\" href=\"#N_8\">[8]<\/a><\/p>\n<\/div>\n<p>Alla prima udienza della Commissione 11 settembre (31.3. \u2013 1.4.2003) un rappresentante della stampa ha chiesto al commissario <a href=\"https:\/\/en.wikipedia.org\/wiki\/Richard_Ben-Veniste\">Richard Ben-Veniste<\/a>: \u201cSe \u00e8 vero che Atta apparteneva ad un gruppo di fondamentalisti islamici, come mai tirava cocaina e frequentava i locali di strip-tease?\u201d Al che Ben-Veniste ha risposto: \u201cQuesta \u00e8 proprio una bella domanda\u201d.&nbsp;<a name=\"R_9\" href=\"#N_9\">[9]<\/a> Ma \u00e8 una domanda che la Commissione 11 settembre non ha mai voluto affrontare. Com&#8217;\u00e8 possibile riconciliare il comportamento di Atta descritto dalla stampa locale con quello di un vero devoto? Queste due diverse immagini di Atta diventano comprensibili se si ipotizza che l&#8217;uomo che il mondo ha conosciuto come Mohamed Atta non fosse in realt\u00e0 il Mohamed Atta originale. Esistono infatti diversi indizi a supporto di questa ipotesi.<\/p>\n<p style=\"padding-top: 15px\"><b>Due Atta?<\/b><\/p>\n<p>Un giovane egiziano il cui nome completo era Mohamed Mohamed el-Amir Awad el-Sayed Atta aveva studiato pianificazione urbana alla <a href=\"https:\/\/de.wikipedia.org\/wiki\/Technische_Universit%C3%A4t_Hamburg-Harburg\">Technical University di Hamburg-Harburg<\/a> negli anni 90. Come scrive il ricercatore&nbsp;<a name=\"R_9a\" href=\"#N_9a\">[9a]<\/a> Elias Davidsson, \u201ci suoi amici di Amburgo lo conoscevano come Mohamed el-Amir, e non come Mohamed Atta\u201d.<\/p>\n<p>Di fatto il professor Dittmar Machule, che aveva assistito Mohamed el-Amir nella preparazione della sua tesi, ha dichiarato: \u201cNon ho mai sentito il nome Mohamed Atta prima dell&#8217;11 settembre\u201d.<\/p>\n<p>Il professor Machule ha dichiarato che il suo studente era \u201cmolto religioso\u201d, che pregava regolarmente e che non toccava mai l&#8217;alcol. \u201cPotrei mettere la mano sul fuoco &#8211; ha detto il professore &#8211; che il Mohamed El-Amir che io conoscevo non ha mai assaggiato n\u00e9 toccato l&#8217;alcol\u201d. Inoltre, a differenza dell&#8217;uomo conosciuto come Mohamed Atta in America, lo studente conosciuto dal professore come Mohamed El-Amir Atta non avrebbe nemmeno stretto la mano ad una donna che gli venisse presentata.&nbsp;<a name=\"R_11\" href=\"#N_11\">[11]<\/a><\/p>\n<p>Un pianificatore urbano tedesco di nome Ralph Bodenstein, che ha lavorato con Mohamed nel 95 su uno studio del traffico al Cairo, ha dichiarato: \u201cEra una persona molto religiosa. Si stava facendo crescere la barba, ed era appena ritornato da un breve pellegrinaggio alla Mecca. Pregava cinque volte al giorno, era pieno di idealismo ed era un umanista, altamente interessato al lavoro sociale\u201d.&nbsp;<a name=\"R_12\" href=\"#N_12\">[12]<\/a><\/p>\n<p>Volker Hauth, un architetto che aveva conosciuto Mohamed el-Amir quando studiava ad Amburgo, e che era stato con lui in viaggio in medio oriente, ha detto: \u201cLe nostre convinzioni religiose &#8211; islamica la sua e protestante la mia &#8211; ci tenevano in qualche modo uniti. In Germania in quel periodo c&#8217;erano molti studenti dalla Germania dell&#8217;est che non avevano religione, e questa era una cosa molto difficile da accettare per Mohamed\u201d.&nbsp;<a name=\"R_13\" href=\"#N_13\">[13]<\/a><\/p>\n<p>Oltre al fatto che Mohamed el-Amir fosse notoriamente molto devoto &#8211; mentre il comportamento osservato nell&#8217;uomo conosciuto come Mohamed Atta in America indicava che non lo fosse &#8211; aggettivi profondamente diversi venivano usati per descrivere la personalit\u00e0 di questi due individui.<\/p>\n<p>Secondo Elias Davidsson, coloro che descrivevano Mohamed el-Amir usavano spesso termini come \u201criservato, introverso, educato, intelligente, molto piacevole\u201d. Ad esempio:<\/p>\n<div style=\"padding-left: 30px\">\n<p>Il Professor Machule ha detto che Mohamed \u201cera un giovanotto piacevole, ben educato, molto religioso, con forti capacit\u00e0 critiche, attento e buon osservatore\u201d.&nbsp;<a name=\"R_14\" href=\"#N_14\">[14]<\/a><\/p>\n<p>Abdullah Bozkurt, un rivenditore di auto che conosceva el-Amir dallo stesso mercato di auto dove ambedue lavoravano, ha detto: \u201cTi dava l&#8217;impressione di uno profondamente amichevole. Riusciva a comunicare facilmente con chiunque, era sempre sorridente e non era mai di cattivo umore\u201d.&nbsp;<a name=\"R_15\" href=\"#N_15\">[15]<\/a><\/p>\n<p>Bechir Bejaoui, che era stato amico di el-Amir, ha dichiarato sotto giuramento davanti all&#8217;agenzia criminale federale tedesca di Amburgo, che el-Amir \u201cera amichevole, piacevole, moderato &#8230; Molto delicato \u00e8 ragionevole &#8230; Mai aggressivo. Era sempre delicato, rilassato e amichevole\u201d.&nbsp;<a name=\"R_16\" href=\"#N_16\">[16]<\/a><\/p>\n<\/div>\n<p>D&#8217;altro canto, dice Davidsson, coloro che hanno descritto la personalit\u00e0 dell&#8217;uomo conosciuto in America come Mohamed Atta \u201clo descrivevano come una persona spiacevole, volgare e arrogante\u201d.&nbsp;<a name=\"R_16\" href=\"#N_16\">[16]<\/a><\/p>\n<div style=\"padding-left: 30px\">\nRudy Dekkers, il presidente della <a href=\"https:\/\/en.wikipedia.org\/wiki\/Huffman_Aviation\">Huffman Aviation<\/a> a Venice, in Florida, dove Atta aveva fatto dei corsi di volo, dice che Atta \u201cera molto arrogante. Aveva un pessimo carattere e non piaceva a nessuno di noi\u201d.&nbsp;<a name=\"R_17\" href=\"#N_17\">[17]<\/a><\/p>\n<p>Atta, insieme all&#8217;uomo conosciuto come Marwan al-Shehhi, si era anche iscritto alla <a href=\"https:\/\/www.facebook.com\/pages\/Jones-Aviation\/138407956206957\">Jones Aviation<\/a> di Sarasota, in Florida. \u201cSecondo l&#8217;istruttore della Jones &#8211; dice il rapporto della commissione 11 settembre &#8211; i due uomini erano particolarmente aggressivi, maleducati, e spesso litigavano anche con lui per prendere in mano il controllo dell&#8217;aereo\u201d.&nbsp;<a name=\"R_18\" href=\"#N_18\">[18]<\/a><\/p>\n<p>Gary Jones, il vicepresidente della Jones Aviation, ha dichiarato: \u201cGli abbiamo detto che non gli avremmo pi\u00f9 fatto lezione. Primo, perch\u00e9 non sapevano parlare inglese, e secondo, perch\u00e9 avevano un pessimo atteggiamento\u201d.&nbsp;<a name=\"R_19\" href=\"#N_19\">[19]<\/a><\/p>\n<\/div>\n<p>Inoltre, il contrasto non era solo caratteriale, ma anche fisico. L&#8217;Atta americano era descritto come alto fra 1&nbsp;m e 78 e 1&nbsp;m e 82,&nbsp;<a name=\"R_20\" href=\"#N_20\">[20]<\/a> mentre il professor Machule ha detto che il suo ex-studente non aveva certo il fisico \u201cda guardia del corpo\u201d, ma piuttosto \u201cun fisico femminile\u201d.&nbsp;<a name=\"R_21\" href=\"#N_21\">[21]<\/a> Lo descriveva come \u201cmolto piccolo\u201d, circa 1&nbsp;m e 62 di altezza.<\/p>\n<\/div>\n<p><a name=\"CONCLUSION\"><\/a><\/p>\n<div class=\"c9hdr\">Conclusioni<\/div>\n<div style=\"padding-left: 30px\">\n<p>E&#8217; molto pi\u00f9 probabile, visto che si presume che gli aerei dell&#8217;11 settembre siano stati dirottati da musulmani, che l&#8217;immagine del loro capobanda sia stata basata su un giovane egiziano profondamente devoto chiamato Mohamed Mohamed el-Amir Awad el-Sayed Atta, al quale la Commissione 11 settembre ha aggiunto l&#8217;affermazione che fosse diventato un fanatico religioso.<\/p>\n<p>La Commissione 11 settembre poi ha semplicemente ignorato tutte le notizie che indicavano come il comportamento del Mohamed Atta americano non combaciasse affatto con l&#8217;immagine di un devoto musulmano.<\/p>\n<p>Questo punto ci pu\u00f2 spiegare come l&#8217;uomo conosciuto dagli americani come Mohamed Atta non si comportasse come un devoto musulmano, nonostante il fatto che Mohamed Mohamed el-Amir Awad el-Sayed Atta, che aveva studiato ad Amburgo, fosse un genuino devoto musulmano.<\/p>\n<p>Questo Punto rafforza anche la conclusione del Punto precedente, nel quale si afferma che Mohamed Atta e gli altri presunti dirottatori non avrebbero potuto fornire un pretesto valido per una guerra contro l&#8217;Islam.<\/p>\n<\/div>\n<p class=\"c9np\"><a href=\"https:\/\/www.consensus911.org\/it\/punto-h-3-it\/\">&lt;&lt; Punto precedente<\/a>, <a href=\"https:\/\/www.consensus911.org\/it\/punto-g-1-it\/\">Punto successivo &gt;&gt;<\/a><\/p>\n<p><a name=\"REFS\"><\/a><\/p>\n<div class=\"c9hdr\">Note di riferimento per il punto H-4<\/div>\n<div class=\"c9refs\">\n<table class=\"ref_tbl\">\n<tbody>\n<tr>\n<td class=\"ref_nrs\">\n<div class=\"refnrs\"><a name=\"N_1\" href=\"#R_1\">[1]<\/a><\/div>\n<\/td>\n<td class=\"ref_txt\">\n<div class=\"rtxt-it\">\n<a href=\"http:\/\/www.amazon.com\/11-Commission-Report-Terrorist-Authorized\/dp\/0393326713\/\"><i>The 9\/11 Commission Report: Final Report of the National Commission on Terrorist Attacks upon the United States<\/i><\/a>, authorized edition (W. W. Norton, 2004), 160. (<a href=\"https:\/\/911commission.gov\/report\/911Report.pdf\">pdf<\/a>: 177)\n<\/div>\n<\/td>\n<\/tr>\n<tr>\n<td class=\"ref_nrs\">\n<div class=\"refnrs\"><a name=\"N_2\" href=\"#R_2\">[2]<\/a><\/div>\n<\/td>\n<td class=\"ref_txt\">\n<div class=\"rtxt-it\">\n<a href=\"https:\/\/911commission.gov\/report\/911Report.pdf\">Ibid.<\/a>, 154 (pdf:&nbsp;171).\n<\/div>\n<\/td>\n<\/tr>\n<tr>\n<td class=\"ref_nrs\">\n<div class=\"refnrs\"><a name=\"N_3\" href=\"#R_3\">[3]<\/a><\/div>\n<\/td>\n<td class=\"ref_txt\">\n<div class=\"rtxt-it\">\n<a href=\"https:\/\/911commission.gov\/report\/911Report.pdf\">Ibid.<\/a>, 160 (pdf:&nbsp;177). The text says: \u201cWhen Atta arrived in Germany, he appeared religious, but not fanatically so. This would change &#8230; \u201d\n<\/div>\n<\/td>\n<\/tr>\n<tr>\n<td class=\"ref_nrs\">\n<div class=\"refnrs\"><a name=\"N_4\" href=\"#R_4\">[4]<\/a><\/div>\n<\/td>\n<td class=\"ref_txt\">\n<div class=\"rtxt-it\">\nDaniel Hopsicker, \u201c<a href=\"https:\/\/freerepublic.com\/focus\/f-news\/1690391\/posts\">The Secret World of Mohamed Atta: An Interview With Atta\u2019s American Girlfriend<\/a>,\u201d <i>InformationLiberation<\/i>, 20 August 2006.\n<\/div>\n<\/td>\n<\/tr>\n<tr>\n<td class=\"ref_nrs\">\n<div class=\"refnrs\"><a name=\"N_5\" href=\"#R_5\">[5]<\/a><\/div>\n<\/td>\n<td class=\"ref_txt\">\n<div class=\"rtxt-it\">\nJody A. Benjamin, \u201c<a href=\"http:\/\/web.archive.org\/web\/20010916150533\/http:\/\/www.sun-sentinel.com\/news\/local\/southflorida\/sfl-warriors916.story\">Suspects\u2019 Actions Don\u2019t Add Up<\/a>,\u201d <i>South Florida Sun-Sentinel<\/i>, 16 September 2001.\n<\/div>\n<\/td>\n<\/tr>\n<tr>\n<td class=\"ref_nrs\">\n<div class=\"refnrs\"><a name=\"N_6\" href=\"#R_6\">[6]<\/a><\/div>\n<\/td>\n<td class=\"ref_txt\">\n<div class=\"rtxt-it\">\nKen Thomas, \u201c<a href=\"http:\/\/web.archive.org\/web\/20030402060235\/www.nctimes.net\/news\/2001\/20010912\/10103.html\">Feds Investigating Possible Terrorist-Attack Links in Florida<\/a>,\u201d <i>Associated Press<\/i>, 12 September 2001.\n<\/div>\n<\/td>\n<\/tr>\n<tr>\n<td class=\"ref_nrs\">\n<div class=\"refnrs\"><a name=\"N_7\" href=\"#R_7\">[7]<\/a><\/div>\n<\/td>\n<td class=\"ref_txt\">\n<div class=\"rtxt-it\">\nBarry Klein et al., \u201c<a href=\"http:\/\/web.archive.org\/web\/20160330172313\/http:\/\/www.sptimes.com\/News\/091301\/Worldandnation\/FBI_seizes_records_of.shtml\">FBI Seizes Records of Students at Flight Schools<\/a>,\u201d <i>St. Petersburg Times<\/i>, 13 September 2001.\n<\/div>\n<\/td>\n<\/tr>\n<tr>\n<td class=\"ref_nrs\">\n<div class=\"refnrs\"><a name=\"N_8\" href=\"#R_8\">[8]<\/a><\/div>\n<\/td>\n<td class=\"ref_txt\">\n<div class=\"rtxt-it\">\nDavid Wedge, \u201c<a href=\"http:\/\/web.archive.org\/web\/20011010224657\/www.bostonherald.com\/attack\/investigation\/ausprob10102001.htm\">Terrorists Partied with Hooker at Hub-Area Hotel<\/a>,\u201d <i>Boston Herald<\/i>, 10 October 2001.\n<\/div>\n<\/td>\n<\/tr>\n<tr>\n<td class=\"ref_nrs\">\n<div class=\"refnrs\"><a name=\"N_9\" href=\"#R_9\">[9]<\/a><\/div>\n<\/td>\n<td class=\"ref_txt\">\n<div class=\"rtxt-it\">\n<a href=\"https:\/\/web.archive.org\/web\/20040404235941\/https:\/\/www.sanderhicks.com\/911extras.html\">Sander Hicks<\/a>, \u201c<a href=\"https:\/\/web.archive.org\/web\/20240503035321\/http:\/\/www.mindspace.org\/liberation-news-service\/archives\/000599.html\">No Easy Answer: Heroin, Al Qaeda and the Florida Flight School<\/a>,\u201d <i>Long Island Press<\/i>, 26 February 2004.\n<\/div>\n<\/td>\n<\/tr>\n<tr>\n<td class=\"ref_nrs\">\n<div class=\"refnrs\"><a name=\"N_9a\" href=\"#R_9a\">[9a]<\/a><\/div>\n<\/td>\n<td class=\"ref_txt\">\n<div class=\"rtxt-it\">\n<span class=\"ed_notes\">[Elias Davidsson, <a href=\"https:\/\/de.wikipedia.org\/wiki\/Elias_Davidsson\">musicista e attivista per i diritti umani<\/a>, <a href=\"https:\/\/www.youtube.com\/watch?v=wZGT7NJOjZ0\">programmatore (alla IBM<\/a> negli anni &#8217;60), e autore di libri come \u201c<a href=\"https:\/\/www.amazon.de\/Hijacking-Americas-Mind-11-Counterfeiting\/dp\/0875869734\">Hijacking America\u2019s Mind on 9\/11: Counterfeiting Evidence<\/a>\u201d (2013) e \u201c<a href=\"https:\/\/www.amazon.de\/Psychologische-Kriegsf%C3%BChrung-gesellschaftliche-Leugnung-Terrorbedrohung\/dp\/3889752527\">Psychologische Kriegsf\u00fchrung und gesellschaftliche Leugnung: Die Legende des 9\/11 und die Fiktion der Terrorbedrohung<\/a>\u201d (2017) \u2013 N.&nbsp;d.&nbsp;A.]<\/span>\n<\/div>\n<\/td>\n<\/tr>\n<tr>\n<td class=\"ref_nrs\">\n<div class=\"refnrs\"><a name=\"N_10\" href=\"#R_10\">[10]<\/a><\/div>\n<\/td>\n<td class=\"ref_txt\">\n<div class=\"rtxt-it\">\nElias Davidsson, \u201c<a href=\"https:\/\/aldeilis.net\/english\/the-atta-mystery-double-agent-or-multiple-attas\/\">The Atta Mystery: Double Agent or Multiple Attas?<\/a>\u201d <i>Aldeilis.net<\/i>, 5 October 2011.\n<\/div>\n<\/td>\n<\/tr>\n<tr>\n<td class=\"ref_nrs\">\n<div class=\"refnrs\"><a name=\"N_11\" href=\"#R_11\">[11]<\/a><\/div>\n<\/td>\n<td class=\"ref_txt\">\n<div class=\"rtxt-it\">\n\u201c<a href=\"https:\/\/web.archive.org\/web\/20020109150252\/http:\/\/www.abc.net.au\/4corners\/atta\/interviews\/machule.htm\">Professor Dittmar Machule<\/a>,\u201d Interview by Liz Jackson, A Mission to Die For, <i>Four Corners<\/i>, 18 October 2001.\n<\/div>\n<\/td>\n<\/tr>\n<tr>\n<td class=\"ref_nrs\">\n<div class=\"refnrs\"><a name=\"N_12\" href=\"#R_12\">[12]<\/a><\/div>\n<\/td>\n<td class=\"ref_txt\">\n<div class=\"rtxt-it\">\nCarol J. Williams et al., \u201c<a href=\"https:\/\/web.archive.org\/web\/20170310221754\/http:\/\/articles.latimes.com\/2001\/sep\/27\/news\/mn-50538\">Mainly, They Just Waited<\/a>,\u201d <i>Los Angeles Times<\/i>, 27 September 2001.\n<\/div>\n<\/td>\n<\/tr>\n<tr>\n<td class=\"ref_nrs\">\n<div class=\"refnrs\"><a name=\"N_13\" href=\"#R_13\">[13]<\/a><\/div>\n<\/td>\n<td class=\"ref_txt\">\n<div class=\"rtxt-it\">\n<a href=\"https:\/\/web.archive.org\/web\/20170310221754\/http:\/\/articles.latimes.com\/2001\/sep\/27\/news\/mn-50538\">Ibid.<\/a>\n<\/div>\n<\/td>\n<\/tr>\n<tr>\n<td class=\"ref_nrs\">\n<div class=\"refnrs\"><a name=\"N_14\" href=\"#R_14\">[14]<\/a><\/div>\n<\/td>\n<td class=\"ref_txt\">\n<div class=\"rtxt-it\">\nPeter Finn, \u201c<a href=\"https:\/\/www.washingtonpost.com\/archive\/politics\/2001\/09\/15\/suspects-used-german-rental-as-headquarters\/c5042632-160a-4144-b1c8-9d517360bb58\/\">Suspects Used German Rental As Headquarters<\/a>\u201d (<a href=\"https:\/\/web.archive.org\/web\/20170311025206\/https:\/\/www.washingtonpost.com\/archive\/politics\/2001\/09\/15\/suspects-used-german-rental-as-headquarters\/c5042632-160a-4144-b1c8-9d517360bb58\/\">archive copy<\/a>), <i>Washington Post<\/i>, 15 September 2001.\n<\/div>\n<\/td>\n<\/tr>\n<tr>\n<td class=\"ref_nrs\">\n<div class=\"refnrs\"><a name=\"N_15\" href=\"#R_15\">[15]<\/a><\/div>\n<\/td>\n<td class=\"ref_txt\">\n<div class=\"rtxt-it\">\n<a href=\"https:\/\/www.washingtonpost.com\/archive\/politics\/2001\/09\/15\/suspects-used-german-rental-as-headquarters\/c5042632-160a-4144-b1c8-9d517360bb58\/\">Ibid.<\/a> (<a href=\"https:\/\/web.archive.org\/web\/20170311025206\/https:\/\/www.washingtonpost.com\/archive\/politics\/2001\/09\/15\/suspects-used-german-rental-as-headquarters\/c5042632-160a-4144-b1c8-9d517360bb58\/\">archive copy<\/a>)\n<\/div>\n<\/td>\n<\/tr>\n<tr>\n<td class=\"ref_nrs\">\n<div class=\"refnrs\"><a name=\"N_16\" href=\"#R_16\">[16]<\/a><\/div>\n<\/td>\n<td class=\"ref_txt\">\n<div class=\"rtxt-it\">\n<a href=\"https:\/\/en.wikipedia.org\/wiki\/Federal_Criminal_Police_Office_(Germany)\">Bundeskriminalamt<\/a>, Zeugenvernehmung von Bejaoui, Bechir, Hamburg, 5.10.2001.\n<\/div>\n<\/td>\n<\/tr>\n<tr>\n<td class=\"ref_nrs\">\n<div class=\"refnrs\"><a name=\"N_17\" href=\"#R_17\">[17]<\/a><\/div>\n<\/td>\n<td class=\"ref_txt\">\n<div class=\"rtxt-it\">\n<a href=\"https:\/\/web.archive.org\/web\/20011128225735\/http:\/\/www.abc.net.au\/4corners\/atta\/interviews\/dekkers.htm\">Interview of Quentin McDermott with Rudy Dekkers<\/a>, <i>ABC Australia<\/i>, 21 October 2001.\n<\/div>\n<\/td>\n<\/tr>\n<tr>\n<td class=\"ref_nrs\">\n<div class=\"refnrs\"><a name=\"N_18\" href=\"#R_18\">[18]<\/a><\/div>\n<\/td>\n<td class=\"ref_txt\">\n<div class=\"rtxt-it\">\n<a href=\"https:\/\/911commission.gov\/report\/911Report.pdf\"><i>The 9\/11 Commission Report<\/i><\/a>, 224 (pdf:&nbsp;241).\n<\/div>\n<\/td>\n<\/tr>\n<tr>\n<td class=\"ref_nrs\">\n<div class=\"refnrs\"><a name=\"N_19\" href=\"#R_19\">[19]<\/a><\/div>\n<\/td>\n<td class=\"ref_txt\">\n<div class=\"rtxt-it\">\nStephen J. Hedges and Jeff Zeleny, \u201c<a href=\"https:\/\/web.archive.org\/web\/20170310010848\/http:\/\/www.chicagotribune.com\/chi-0109160297sep16-story.html\">Hijacker Eluded Security Net<\/a>,\u201d <i>Chicago Tribune<\/i>, 16 September 2001.\n<\/div>\n<\/td>\n<\/tr>\n<tr>\n<td class=\"ref_nrs\">\n<div class=\"refnrs\"><a name=\"N_20\" href=\"#R_20\">[20]<\/a><\/div>\n<\/td>\n<td class=\"ref_txt\">\n<div class=\"rtxt-it\">\nElaine Allen-Emrich and Jann Baty, \u201c<a href=\"http:\/\/web.archive.org\/web\/20070707214221\/http:\/\/www.sun-herald.com\/NewsArchive2\/091401\/tp4ch14.htm\">Hunt for Terrorists Reaches North Port<\/a>,\u201d <i>Charlotte Sun<\/i>, 14 September 2001.\n<\/div>\n<\/td>\n<\/tr>\n<tr>\n<td class=\"ref_nrs\">\n<div class=\"refnrs\"><a name=\"N_21\" href=\"#R_21\">[21]<\/a><\/div>\n<\/td>\n<td class=\"ref_txt\">\n<div class=\"rtxt-it\">\n\u201c<a href=\"https:\/\/web.archive.org\/web\/20020109150252\/http:\/\/www.abc.net.au\/4corners\/atta\/interviews\/machule.htm\">Professor Dittmar Machule<\/a>,\u201d Interview by Liz Jackson, A Mission to Die For, <i>Four Corners<\/i>, 18 October 2001.\n<\/div>\n<\/td>\n<\/tr>\n<\/tbody>\n<\/table>\n<\/div>\n<p><!-- c9refs --><\/p>\n<\/div>\n<p><!-- c9text --><\/p>\n","protected":false},"excerpt":{"rendered":"<p>Punto H-4: L&#8217;affermazione che Mohamed Atta era diventato un fanatico<br \/> Punto H-4: religioso musulmano <\/p>\n<p class=\"c9np\"><a href=\"https:\/\/www.consensus911.org\/it\/punto-h-3-it\/\">&lt;&lt; Punto precedente<\/a>, <a href=\"https:\/\/www.consensus911.org\/it\/punto-g-1-it\/\">Punto successivo &gt;&gt;<\/a><\/p>\n<p><a name=\"INTRO\"><\/a><\/p>\n<p> Introduzione <\/p>\n<p>Come mostrato nel Punto precedente (\u201c<a href=\"https:\/\/www.consensus911.org\/it\/punto-h-3-it\/\">L&#8217;affermazione che i dirottatori erano devoti musulmani<\/a>\u201d), i presunti dirottatori dell&#8217;11 settembre non rispecchiavano la descrizione di devoti musulmani data loro dalla [&#8230;]<\/p>\n","protected":false},"author":111,"featured_media":0,"parent":0,"menu_order":0,"comment_status":"closed","ping_status":"closed","template":"","meta":{"footnotes":""},"class_list":["post-18817","page","type-page","status-publish","hentry"],"jetpack_sharing_enabled":true,"_links":{"self":[{"href":"https:\/\/www.consensus911.org\/it\/wp-json\/wp\/v2\/pages\/18817","targetHints":{"allow":["GET"]}}],"collection":[{"href":"https:\/\/www.consensus911.org\/it\/wp-json\/wp\/v2\/pages"}],"about":[{"href":"https:\/\/www.consensus911.org\/it\/wp-json\/wp\/v2\/types\/page"}],"author":[{"embeddable":true,"href":"https:\/\/www.consensus911.org\/it\/wp-json\/wp\/v2\/users\/111"}],"replies":[{"embeddable":true,"href":"https:\/\/www.consensus911.org\/it\/wp-json\/wp\/v2\/comments?post=18817"}],"version-history":[{"count":5,"href":"https:\/\/www.consensus911.org\/it\/wp-json\/wp\/v2\/pages\/18817\/revisions"}],"predecessor-version":[{"id":23329,"href":"https:\/\/www.consensus911.org\/it\/wp-json\/wp\/v2\/pages\/18817\/revisions\/23329"}],"wp:attachment":[{"href":"https:\/\/www.consensus911.org\/it\/wp-json\/wp\/v2\/media?parent=18817"}],"curies":[{"name":"wp","href":"https:\/\/api.w.org\/{rel}","templated":true}]}}