{"id":4144,"date":"2012-11-30T02:46:32","date_gmt":"2012-11-30T10:46:32","guid":{"rendered":"http:\/\/www.consensus911.org\/?page_id=4144"},"modified":"2015-04-16T07:32:22","modified_gmt":"2015-04-16T14:32:22","slug":"cosa-sono-le-prove-migliori","status":"publish","type":"page","link":"https:\/\/www.consensus911.org\/it\/cosa-sono-le-prove-migliori\/","title":{"rendered":"Cosa sono &#8220;le prove migliori&#8221; ?"},"content":{"rendered":"<div class=\"c9text-it\">\n<h4>Cosa sono le \u201cprove migliori?\u201d<\/h4>\n<p>&nbsp;<\/p>\n<p>Una distinzione importante nel campo delle \u201cprove\u201d \u00e8 quella tra prove circostanziali e prove dirette, o prove che suggeriscono la verit\u00e0 opposte a prove che dimostrano in maniera diretta la verit\u00e0. Le \u201cprove migliori\u201d in rapporto ai fatti dell&#8217;11 settembre si fondano su:<\/p>\n<ul style=\"padding-left: 30px\">\n<li>Opinioni di fonti rispettabili, basate su esperienza professionale, studi descrittivi e rapporti di commissioni competenti.<\/li>\n<li>Dati fisici sotto forma di fotografie, video, deposizioni in tribunale, racconti dei testimoni e pubblicazioni del FOIA (<em>Freedom of Information Act<\/em>, legge americana sulla liberta dell&#8217;informazione)<\/li>\n<li>Prove dirette piuttosto che circostanziali<\/li>\n<\/ul>\n<p>&nbsp;<\/p>\n<h4>Il metodo della ricerca basata sulle prove<\/h4>\n<p>&nbsp;<\/p>\n<p>Il metodo della ricerca basata sulle prove (<em>evidence-based<\/em>) non \u00e8 altro che l&#8217;uso oculato delle prove migliori al momento disponibili nell&#8217;analisi di una data questione. Questo metodo implica l&#8217;integrazione di competenze professionali individuali con le prove documentali e scientifiche pi\u00f9 significative che si hanno a disposizione. Per integrare le competenze professionali nei \u201cPunti di consenso\u201d (<em>Consensus Points<\/em>), la commissione (<em>Panel<\/em>) utilizza un <a title=\"Methodology\" href=\"https:\/\/www.consensus911.org\/it\/metodologia-e-risultati\/\">metodo<\/a> Delphi semplificato. Il metodo Delphi \u00e8 spesso usato in contesti <a href=\"http:\/\/www.bmj.com\/content\/311\/7001\/376.full\">\u201cdove il materiale informativo pubblicato \u00e8 inadeguato o inesistente,<\/a>\u201d fornendo \u201cmezzi per sfruttare le intuizioni di persone competenti al fine di prendere delle decisioni.\u201d Il <em>Consensus Panel<\/em> \u00e8 stato ideato per utilizzare le \u201cmigliori prove\u201d disponibili nel tentativo di fare luce sugli avvenimenti dell&#8217;11 settembre, in conseguenza dei quali il mondo non \u00e8 stato pi\u00f9 lo stesso.<\/p>\n<p>&nbsp;<\/p>\n<h4>L&#8217;utilizzo delle \u201cprove migliori\u201d per gli scopi del <em>Consensus Panel<\/em><\/h4>\n<p>&nbsp;<\/p>\n<p>La commissione usa la definizione \u201cprove migliori\u201d in senso stretto, intendendo con essa solo le prove riferite a qualsiasi <strong>affermazione specifica<\/strong> della versione ufficiale (dei fatti dell&#8217;11 settembre) che intenda confutare. Ci\u00f2 non significa presentare le prove pi\u00f9 solide che smentiscano la versione ufficiale in toto. Semplicemente si tratta delle prove migliori contro ogni particolare affermazione di cui di volta in volta la commissione si occupa. \u201cLe prove migliori\u201d utilizzate dal<em> Consensus Panel<\/em> non sono prove portate a supporto di teorie alternative su ci\u00f2 che accadde l&#8217;11 settembre.<\/p>\n<\/div>\n<p><!-- c9text --><\/p>\n","protected":false},"excerpt":{"rendered":"<p>Cosa sono le \u201cprove migliori?\u201d <\/p>\n<p>&nbsp;<\/p>\n<p>Una distinzione importante nel campo delle \u201cprove\u201d \u00e8 quella tra prove circostanziali e prove dirette, o prove che suggeriscono la verit\u00e0 opposte a prove che dimostrano in maniera diretta la verit\u00e0. Le \u201cprove migliori\u201d in rapporto ai fatti dell&#8217;11 settembre si fondano su:<\/p>\n<p> Opinioni di fonti rispettabili, basate su [&#8230;]<\/p>\n","protected":false},"author":107,"featured_media":0,"parent":0,"menu_order":164,"comment_status":"closed","ping_status":"closed","template":"","meta":{"footnotes":""},"class_list":["post-4144","page","type-page","status-publish","hentry"],"jetpack_sharing_enabled":true,"_links":{"self":[{"href":"https:\/\/www.consensus911.org\/it\/wp-json\/wp\/v2\/pages\/4144","targetHints":{"allow":["GET"]}}],"collection":[{"href":"https:\/\/www.consensus911.org\/it\/wp-json\/wp\/v2\/pages"}],"about":[{"href":"https:\/\/www.consensus911.org\/it\/wp-json\/wp\/v2\/types\/page"}],"author":[{"embeddable":true,"href":"https:\/\/www.consensus911.org\/it\/wp-json\/wp\/v2\/users\/107"}],"replies":[{"embeddable":true,"href":"https:\/\/www.consensus911.org\/it\/wp-json\/wp\/v2\/comments?post=4144"}],"version-history":[{"count":5,"href":"https:\/\/www.consensus911.org\/it\/wp-json\/wp\/v2\/pages\/4144\/revisions"}],"predecessor-version":[{"id":13378,"href":"https:\/\/www.consensus911.org\/it\/wp-json\/wp\/v2\/pages\/4144\/revisions\/13378"}],"wp:attachment":[{"href":"https:\/\/www.consensus911.org\/it\/wp-json\/wp\/v2\/media?parent=4144"}],"curies":[{"name":"wp","href":"https:\/\/api.w.org\/{rel}","templated":true}]}}