{"id":4150,"date":"2012-11-30T02:52:55","date_gmt":"2012-11-30T10:52:55","guid":{"rendered":"http:\/\/www.consensus911.org\/?page_id=4150"},"modified":"2023-03-24T10:46:03","modified_gmt":"2023-03-24T17:46:03","slug":"fonti-documentali","status":"publish","type":"page","link":"https:\/\/www.consensus911.org\/it\/fonti-documentali\/","title":{"rendered":"Fonti documentali"},"content":{"rendered":"<h3>Fonti documentali (basate sulle prove) che contraddicono<\/h3>\n<h3>la versione ufficiale dell&#8217;11 settembre<\/h3>\n<div class=\"c9text-it\">\n<p>&nbsp;<\/p>\n<p>La documentazione riguardante l&#8217;11 settembre pu\u00f2 essere divisa in<\/p>\n<ol style=\"padding-left: 30px\">\n<li>documenti del governo statunitense, che supportano la versione ufficiale dell&#8217;11 settembre, e<\/li>\n<li>la raccolta documentale emersa dalla comunit\u00e0 di ricerca professionale e scaturita dall&#8217;insoddisfazione nei riguardi della versione ufficiale.<\/li>\n<\/ol>\n<p>&nbsp;<\/p>\n<h4 style=\"padding-bottom: 20px\">Documenti governativi che difendono la versione ufficiale<\/h4>\n<p>La Casa Bianca si opponeva allo svolgimento di un&#8217;indagine sui fatti dell&#8217;11 settembre,&nbsp;<a href=\"#N_1\" name=\"R_1\">[1]<\/a> solo a seguito delle insistenze dei familiari delle vittime venne poi effettuata quasi due anni dopo l&#8217;evento. La commissione sull&#8217;11 settembre ottenne un finanziamento esiguo (cost\u00f2 una minima parte dell&#8217;indagine su Monica Lewinsky) e venne controllata saldamente da un insider della Casa Bianca, Philip Zelikow.&nbsp;<a href=\"#N_2\" name=\"R_2\">[2]<\/a><\/p>\n<p>Il&nbsp;<a name=\"R_3\"><\/a>copresidente Lee Hamilton disse che la commissione sull&#8217;11 settembre venne \u201cprogrammata per fallire,\u201d e l&#8217;allora membro della commissione Max Cleland si dimise, chiamandola uno \u201cscandalo nazionale.\u201d&nbsp;<a href=\"#N_3\">[3]<\/a><\/p>\n<p>&nbsp;<\/p>\n<p>Il&nbsp;<a name=\"R_4\"><\/a>rapporto della commissione ignor\u00f2 decine di fatti,&nbsp;<a href=\"#N_4\">[4]<\/a> incluso il crollo verticale improvviso del World Trade Center 7 alle 17:21 &#8211; un edificio di 47 piani dalla struttura in acciaio che si trovava a due isolati dalle Twin Towers e non fu colpito da alcun aereo.<\/p>\n<p>Il rapporto, incompleto e senza revisione paritaria (peer-review), pu\u00f2 a malapena essere considerato uno studio basato sulle prove.<\/p>\n<p>Gli&nbsp;<a name=\"R_5\"><\/a>altri&nbsp;<a name=\"R_6\"><\/a>documenti principali della versione ufficiale vennero stilati nel corso di un periodo di sette anni dal National Institute of Standards and Technology (NIST), nel tentativo di spiegare gli strani crolli verticali, simili a cadute libere, delle Twin Towers e del WTC&nbsp;7.&nbsp;<a href=\"#N_5\">[5]<\/a> L&#8217;ipotesi di una demolizione controllata non venne presa in considerazione, sebbene i pompieri presenti al momento dei crolli e alcuni giornalisti televisivi (inclusi Dan Rather della CBS e Peter Jennings della ABC)&nbsp;<a href=\"#N_6\">[6]<\/a> ne avessero notato l&#8217;inquietante somiglianza.<\/p>\n<p>Come&nbsp;<a name=\"R_7\"><\/a>il (primo) rapporto della commissione sull&#8217;11 settembre, i rapporti del NIST vennero pubblicati senza revisione paritaria. Alla pubblicazione della prima bozza vennero concessi 60 giorni per un dibattito pubblico, ma la maggior parte dei commenti e delle questioni importanti che ne scaturirono vennero poi quasi interamente ignorati al momento della stesura del rapporto finale.&nbsp;<a href=\"#N_7\">[7]<\/a><\/p>\n<p>&nbsp;<\/p>\n<p>Dato che i rapporti del NIST non hanno ricevuto una revisione paritaria, non possono essere considerati come basati sulle prove.<\/p>\n<p>&nbsp;<\/p>\n<h4 style=\"padding-bottom: 20px\">Ricerca scientifica indipendente che contraddice la versione ufficiale dei fatti dell&#8217;11 settembre<\/h4>\n<p>La&nbsp;<a name=\"R_8\"><\/a>maggior parte delle prove pi\u00f9 significative che mettono in dubbio la versione ufficiale \u00e8 stata condensata in dieci libri ricchi di documentazione scritti dal dottor David Ray Griffin, che \u00e8 stato professore di filosofia delle religioni, con un&#8217;attenzione particolare al rapporto tra religione e scienza, per 35 anni. Sia i suoi libri che i video delle sue conferenze, cos\u00ec come i suoi articoli online sono disponibili sul suo sito.&nbsp;<a href=\"#N_8\">[8]<\/a><\/p>\n<p>&nbsp;<\/p>\n<p>Gli articoli scientifici pubblicati includono:<\/p>\n<ul style=\"padding-left: 30px\">\n<li>&nbsp;<a name=\"R_9\"><\/a>&nbsp;<a name=\"R_10\"><\/a> un articolo che segnala la presenza di nanotermite nella polvere risultante dalla sette articoli comparsi a febbraio 2010 nell&#8217;<i>American Behavioral Scientist<\/i>, indicizzati in 67 database e pubblicati insieme su Crimini di Stato contro la democrazia, utilizzando i fatti dell&#8217;11 settembre come esempio principale;&nbsp;<a href=\"#N_10\">[10]<\/a><\/li>\n<li>&nbsp;<a name=\"R_11\"><\/a> un articolo pubblicato in <i>The Environmentalist<\/i>, \u201cEnvironmental Anomalies at the World Trade Center: Evidence for Energetic Materials;\u201d&nbsp;<a href=\"#N_11\">[11]<\/a><\/li>\n<li>&nbsp;<a name=\"R_12\"><\/a> un articolo, \u201cExtremely high temperatures during the World Trade Center destruction;\u201d&nbsp;<a href=\"#N_12\">[12]<\/a><\/li>\n<li>&nbsp;<a name=\"R_13\"><\/a> un articolo scientifico in replica alle leggende pi\u00f9 comuni riguardanti i crolli del WTC;&nbsp;<a href=\"#N_13\">[13]<\/a><\/li>\n<li>&nbsp;<a name=\"R_14\"><\/a> 59 articoli a revisione paritaria sulla fisica dei fatti dell&#8217;11 settembre, pubblicati dal 2006 nel Journal of 9\/11 Studies e 67 lettere scambiate coi membri della comunit\u00e0 accademica;&nbsp;<a href=\"#N_14\">[14]<\/a><\/li>\n<li>&nbsp;<a name=\"R_15\"><\/a> 9 articoli accademici pubblicati in un compendio del 2006 dalla Elsevier Science Press, che suggeriscono una complicit\u00e0 del governo USA in un&#8217;operazione di false flag.&nbsp;<a href=\"#N_15\">[15]<\/a> The Hidden History of 9-11-2001 non \u00e8 mai stato recensito dai media nazionali.<\/li>\n<\/ul>\n<p>Altre&nbsp;<a name=\"R_16\"><\/a>risorse&nbsp;<a name=\"R_17\"><\/a>includono&nbsp;<a name=\"R_18\"><\/a>Morgan&nbsp;<a name=\"R_19\"><\/a>Henshall\u2019s 9\/11 Revealed&nbsp;<a href=\"#N_16\">[16]<\/a> e Flight 93 Revealed;&nbsp;<a href=\"#N_17\">[17]<\/a> due libri del professor Michel Chossudovsky, <i>America\u2019s War on Terrorism<\/i>,&nbsp;<a href=\"#N_18\">[18]<\/a> e <i>War and Globalisation: The Truth Behind September 11<\/i>;&nbsp;<a href=\"#N_19\">[19]<\/a> e il progetto di indagine <i>The Complete 9\/11 Timeline<\/i>.&nbsp;<a href=\"#N_20\">[20]<\/a><\/p>\n<p>&nbsp;<\/p>\n<p>Sebbene le prove che sconfessano la versione ufficiale non siano state sottoposte alle analisi sistematiche e alle linee guida caratteristiche della scienza medica basata sulle prove (evidence-based), ogni affermazione \u00e8 stata o revisionata pi\u00f9 volte in maniera paritaria o considerevolmente documentata. Tutte le affermazioni sono basate su ricerche che vengono continuamente aggiornate.<\/p>\n<p>Tutto ci\u00f2 qualifica questa ricerca scientifica indipendente come la raccolta migliore di prove riguardante i fatti dell&#8217;11 settembre.<\/p>\n<p><i>Nota<\/i>:&nbsp;<a name=\"R_21\"><\/a> Questo riassunto \u00e8 un estratto (leggermente modificato) di un articolo pubblicato nella rivista <i>Information for Social Change<\/i>, nell&#8217;agosto 2010.&nbsp;<a href=\"#N_21\">[21]<\/a><\/p>\n<p>&nbsp;<\/p>\n<p><a name=\"REFS\"><\/a><\/p>\n<h4>Riferimenti<\/h4>\n<div class=\"c9refs\">\n<table class=\"ref_tbl\">\n<tbody>\n<tr>\n<td class=\"ref_nrs\">\n<div class=\"refnrs\"><a name=\"N_1\" href=\"#R_1\">[1]<\/a><\/div>\n<\/td>\n<td class=\"ref_txt\">\n<div class=\"rtxt-it\">\nPete Brush, \u201c<a href=\"https:\/\/www.cbsnews.com\/news\/bush-opposes-9-11-query-panel\/\">Bush Opposes 9\/11 Query Panel<\/a>,\u201d <i>CBS News<\/i>, 23 maggio 2002.<\/div>\n<\/td>\n<\/tr>\n<tr>\n<td class=\"ref_nrs\">\n<div class=\"refnrs\"><a name=\"N_2\" href=\"#R_2\">[2]<\/a><\/div>\n<\/td>\n<td class=\"ref_txt\">\n<div class=\"rtxt-it\">\nPhilip Shenon, <a href=\"http:\/\/www.amazon.com\/Commission-Uncensored-History-Investigation-Hardcover\/dp\/B00DU7L270\/\"><i>Commission: The Uncensored History of the 9\/11 Investigation<\/i><\/a>, Twelve, 2008.<\/div>\n<\/td>\n<\/tr>\n<tr>\n<td class=\"ref_nrs\">\n<div class=\"refnrs\"><a name=\"N_3\" href=\"#R_3\">[3]<\/a><\/div>\n<\/td>\n<td class=\"ref_txt\">\n<div class=\"rtxt-it\">\nGeorge Washington\u2019s Blog, \u201c<a href=\"http:\/\/georgewashington.blogspot.com\/2008\/01\/whitewash.html\">Whitewash<\/a>,\u201d 17 gennaio 2008.<\/div>\n<\/td>\n<\/tr>\n<tr>\n<td class=\"ref_nrs\">\n<div class=\"refnrs\"><a name=\"N_4\" href=\"#R_4\">[4]<\/a><\/div>\n<\/td>\n<td class=\"ref_txt\">\n<div class=\"rtxt-it\">\nDavid Ray Griffin, <a href=\"http:\/\/www.amazon.com\/11-Commission-Report-Omissions-Distortions\/dp\/1566565847\/\"><i>The 9\/11 Commission Report: Omissions and Distortions<\/i><\/a>, Olive Branch Press, 2004.<\/div>\n<\/td>\n<\/tr>\n<tr>\n<td class=\"ref_nrs\">\n<div class=\"refnrs\"><a name=\"N_5\" href=\"#R_5\">[5]<\/a><\/div>\n<\/td>\n<td class=\"ref_txt\">\n<div class=\"rtxt-it\">\nQuesti rapporti sono visionabili all&#8217;indirizzo <a href=\"https:\/\/web.archive.org\/web\/20110813080331\/http:\/\/www.nist.gov\/el\/disasterstudies\/wtc\/\">wtc.nist.gov<\/a>.<\/div>\n<\/td>\n<\/tr>\n<tr>\n<td class=\"ref_nrs\">\n<div class=\"refnrs\"><a name=\"N_6\" href=\"#R_6\">[6]<\/a><\/div>\n<\/td>\n<td class=\"ref_txt\">\n<div class=\"rtxt-it\">\nDan Rather, <i>CBS News<\/i>, \u201c<a href=\"https:\/\/www.youtube.com\/watch?v=Nvx904dAw0o\">9\/11: Dan Rather Says WTC Collapses Look Like Demolitions,<\/a>\u201d Peter Jennings, <i>ABC News<\/i>, \u201c<a href=\"https:\/\/www.youtube.com\/watch?v=0ptvvbaR0-U\">9\/11: Controlled Demolition Comparison<\/a>.\u201d<\/div>\n<\/td>\n<\/tr>\n<tr>\n<td class=\"ref_nrs\">\n<div class=\"refnrs\"><a name=\"N_7\" href=\"#R_7\">[7]<\/a><\/div>\n<\/td>\n<td class=\"ref_txt\">\n<div class=\"rtxt-it\">\nNIST, <a href=\"https:\/\/www.nist.gov\/sites\/default\/files\/documents\/2017\/05\/09\/CombinedPublicCommentsDraftTowersReports2005-2.pdf\"><i>WTC&nbsp;7 Public Comments Received (2008)<\/i><\/a>.<\/div>\n<\/td>\n<\/tr>\n<tr>\n<td class=\"ref_nrs\">\n<div class=\"refnrs\"><a name=\"N_8\" href=\"#R_8\">[8]<\/a><\/div>\n<\/td>\n<td class=\"ref_txt\">\n<div class=\"rtxt-it\">\nSi veda <a href=\"https:\/\/web.archive.org\/web\/20170113175951\/https:\/\/davidraygriffin.com\/\">davidraygriffin.com<\/a>.<\/div>\n<\/td>\n<\/tr>\n<tr>\n<td class=\"ref_nrs\">\n<div class=\"refnrs\"><a name=\"N_9\" href=\"#R_9\">[9]<\/a><\/div>\n<\/td>\n<td class=\"ref_txt\">\n<div class=\"rtxt-it\">\n<a href=\"\/it\/membri-e-amministratori-del-consensus-911\/#HARRIT\">Niels H. Harrit<\/a> et al., \u201c<a href=\"https:\/\/web.archive.org\/web\/20151125154704if_\/http:\/\/electricpolitics.com\/media\/docs\/7TOCPJ.pdf\">Active Thermitic Material Discovered in Dust from the 9\/11 World Trade Center Catastrophe<\/a>\u201d (<a href=\"http:\/\/www.consensus911.org\/wp-content\/uploads\/2017\/11\/7TOCPJ.pdf\">copia di backup<\/a>), <i>The Open Chemical Physics Journal<\/i> , Vol. 2 (3 aprile 2009), 7-31.<\/div>\n<\/td>\n<\/tr>\n<tr>\n<td class=\"ref_nrs\">\n<div class=\"refnrs\"><a name=\"N_10\" href=\"#R_10\">[10]<\/a><\/div>\n<\/td>\n<td class=\"ref_txt\">\n<div class=\"rtxt-it\">\nSi veda il numero<a href=\"http:\/\/journals.sagepub.com\/toc\/abs\/53\/6\"> del febbraio 2010<\/a>. La versione cartacea era disponibile al costo di $24 richiedendola a Sage Journals all&#8217;indirizzo <a href=\"mailto:journals@sagepub.com\">journals@sagepub.com<\/a>, numero di telefono: 1-800-818-7243.<\/div>\n<\/td>\n<\/tr>\n<tr>\n<td class=\"ref_nrs\">\n<div class=\"refnrs\"><a name=\"N_11\" href=\"#R_11\">[11]<\/a><\/div>\n<\/td>\n<td class=\"ref_txt\">\n<div class=\"rtxt-it\">\nKevin R. Ryan, James R. Gourley e <a href=\"\/it\/membri-e-amministratori-del-consensus-911\/#JONES\">Steven E. Jones<\/a>, \u201c<a href=\"https:\/\/link.springer.com\/article\/10.1007%2Fs10669-008-9182-4\">Environmental Anomalies at the World Trade Center: Evidence for Energetic Materials<\/a>,\u201d <i>The Environmentalist<\/i>, 29 (2009): 56-63.<\/div>\n<\/td>\n<\/tr>\n<tr>\n<td class=\"ref_nrs\">\n<div class=\"refnrs\"><a name=\"N_12\" href=\"#R_12\">[12]<\/a><\/div>\n<\/td>\n<td class=\"ref_txt\">\n<div class=\"rtxt-it\">\nSteven E. Jones et al., \u201c<a href=\"http:\/\/www.consensus911.org\/wp-content\/uploads\/2016\/09\/WTCHighTemp2.pdf\">Extremely high temperatures during the World Trade Center destruction<\/a>,\u201d <i>Journal of 9\/11 Studies<\/i>, gennaio 2008.<\/div>\n<\/td>\n<\/tr>\n<tr>\n<td class=\"ref_nrs\">\n<div class=\"refnrs\"><a name=\"N_13\" href=\"#R_13\">[13]<\/a><\/div>\n<\/td>\n<td class=\"ref_txt\">\n<div class=\"rtxt-it\">\n<a href=\"\/it\/membri-e-amministratori-del-consensus-911\/#JONES\">Steven E. Jones<\/a>, et al., \u201c<a href=\"https:\/\/benthamopen.com\/contents\/pdf\/TOCIEJ\/TOCIEJ-2-35.pdf\">Fourteen Points of Agreement with Official Government Reports on the World Trade Center Destruction,<\/a>\u201d <i>The Open Civil Engineering Journal<\/i>, Vol. 2,2008, 35-40.<\/div>\n<\/td>\n<\/tr>\n<tr>\n<td class=\"ref_nrs\">\n<div class=\"refnrs\"><a name=\"N_14\" href=\"#R_14\">[14]<\/a><\/div>\n<\/td>\n<td class=\"ref_txt\">\n<div class=\"rtxt-it\">\n<i><a href=\"https:\/\/www.journalof911studies.com\/\">Journal of 9\/11 Studies<\/a><\/i><a href=\"https:\/\/www.journalof911studies.com\/\"><i>.<\/i><\/a> Le lettere sono visionabili a questo indirizzo <a href=\"https:\/\/web.archive.org\/web\/20070127114626\/http:\/\/www.journalof911studies.com\/letters.html\">journalof911studies.com\/letters.html<\/a>. <span class=\"ed_notes\">[<a href=\"https:\/\/www.journalof911studies.com\/J911S\/letters\/\">lettere recenti<\/a>; <a href=\"https:\/\/www.journalof911studies.com\/journal-of-911-studies-index-of-letters\/\">indice 2007-2014<\/a> -\u2013 N.&nbsp;d.&nbsp;A.]<\/span><\/div>\n<\/td>\n<\/tr>\n<tr>\n<td class=\"ref_nrs\">\n<div class=\"refnrs\"><a name=\"N_15\" href=\"#R_15\">[15]<\/a><\/div>\n<\/td>\n<td class=\"ref_txt\">\n<div class=\"rtxt-it\">\nZarembka, Paul, a cura di, <i><a href=\"http:\/\/web.archive.org\/web\/20140313185647\/http:\/\/econpapers.repec.org\/bookchap\/rpevolume\/volm23.htm\">The Hidden History of 9-11-2001<\/a>,<\/i> Elsevier, 2006. Una <a href=\"http:\/\/www.amazon.com\/Hidden-History-9-11-Paul-Zarembka\/dp\/B002YX0BUU\/ref=sr_1_1?ie=UTF8&amp;s=books&amp;qid=1274834040&amp;sr=8-1\">seconda edizione<\/a> (in brossura) \u00e8 stata pubblicata nel 2008 per la <i>Seven Stories Press<\/i>.<\/div>\n<\/td>\n<\/tr>\n<tr>\n<td class=\"ref_nrs\">\n<div class=\"refnrs\"><a name=\"N_16\" href=\"#R_16\">[16]<\/a><\/div>\n<\/td>\n<td class=\"ref_txt\">\n<div class=\"rtxt-it\">\nRowland Morgan e Ian Henshall, <a href=\"http:\/\/www.amazon.com\/9-11-Revealed-Unanswered-Questions\/dp\/0786716134\/\"><i>9\/11 Revealed: The Unanswered Questions<\/i><\/a>, Carrol &amp; Graf, 2005.<\/div>\n<\/td>\n<\/tr>\n<tr>\n<td class=\"ref_nrs\">\n<div class=\"refnrs\"><a name=\"N_17\" href=\"#R_17\">[17]<\/a><\/div>\n<\/td>\n<td class=\"ref_txt\">\n<div class=\"rtxt-it\">\nRowland Morgan e Ian Henshall, <a href=\"http:\/\/www.amazon.com\/Flight-93-Revealed-Really-Happened-ebook\/dp\/B005FUUAZU\/\"><i>Flight 93 Revealed: What Really Happened on the 9\/11 Let\u2019s Roll Flight?<\/i><\/a> Carroll &amp; Graf, 2006.<\/div>\n<\/td>\n<\/tr>\n<tr>\n<td class=\"ref_nrs\">\n<div class=\"refnrs\"><a name=\"N_18\" href=\"#R_18\">[18]<\/a><\/div>\n<\/td>\n<td class=\"ref_txt\">\n<div class=\"rtxt-it\">\nMichel Chossudovsky, <a href=\"http:\/\/www.amazon.com\/Americas-War-Terrorism-Michel-Chossudovsky\/dp\/0973714719\/\"><i>America\u2019s War on Terrorism<\/i><\/a>, Hushion House, 2005.<\/div>\n<\/td>\n<\/tr>\n<tr>\n<td class=\"ref_nrs\">\n<div class=\"refnrs\"><a name=\"N_19\" href=\"#R_19\">[19]<\/a><\/div>\n<\/td>\n<td class=\"ref_txt\">\n<div class=\"rtxt-it\">\nMichel Chossudovsky, <a href=\"http:\/\/www.amazon.com\/Michel-Chossudovsky-War-Globalisation-September\/dp\/B00B0MJ3KA\/\"><i>War and Globalisation: The Truth Behind September 11<\/i><\/a>, Global Outlook, 2002.<\/div>\n<\/td>\n<\/tr>\n<tr>\n<td class=\"ref_nrs\">\n<div class=\"refnrs\"><a name=\"N_20\" href=\"#R_20\">[20]<\/a><\/div>\n<\/td>\n<td class=\"ref_txt\">\n<div class=\"rtxt-it\">\nHistory Commons, <a href=\"https:\/\/web.archive.org\/web\/20170313174028\/http:\/\/www.historycommons.org\/timeline.jsp?timeline=complete_911_timeline\">Complete 9\/11 Timeline<\/a>.<\/div>\n<\/td>\n<\/tr>\n<tr>\n<td class=\"ref_nrs\">\n<div class=\"refnrs\"><a name=\"N_21\" href=\"#R_21\">[21]<\/a><\/div>\n<\/td>\n<td class=\"ref_txt\">\n<div class=\"rtxt-it\">\nElizabeth Woodworth, \u201c<a href=\"https:\/\/web.archive.org\/web\/20120120030311\/http:\/\/www.libr.org\/isc\/issues\/ISC30\/issue30.pdf\">Ethical Reflections on the 9\/11 Controversy: Do Information Science and Media Professionals Have a Duty to Provide Evidence-Based Information to a Questioning Public?<\/a>\u201d<i>Information for Social Change<\/i>, No. 30, estate 2010.<\/div>\n<\/td>\n<\/tr>\n<\/tbody>\n<\/table>\n<\/div>\n<p><!-- c9refs --><\/p>\n<\/div>\n<p><!-- c9text --><\/p>\n","protected":false},"excerpt":{"rendered":"<p>Fonti documentali (basate sulle prove) che contraddicono la versione ufficiale dell&#8217;11 settembre <\/p>\n<p>&nbsp;<\/p>\n<p>La documentazione riguardante l&#8217;11 settembre pu\u00f2 essere divisa in<\/p>\n<p> documenti del governo statunitense, che supportano la versione ufficiale dell&#8217;11 settembre, e la raccolta documentale emersa dalla comunit\u00e0 di ricerca professionale e scaturita dall&#8217;insoddisfazione nei riguardi della versione ufficiale. <\/p>\n<p>&nbsp;<\/p>\n<p> Documenti governativi che [&#8230;]<\/p>\n","protected":false},"author":107,"featured_media":0,"parent":0,"menu_order":156,"comment_status":"closed","ping_status":"closed","template":"","meta":{"footnotes":""},"class_list":["post-4150","page","type-page","status-publish","hentry"],"jetpack_sharing_enabled":true,"_links":{"self":[{"href":"https:\/\/www.consensus911.org\/it\/wp-json\/wp\/v2\/pages\/4150","targetHints":{"allow":["GET"]}}],"collection":[{"href":"https:\/\/www.consensus911.org\/it\/wp-json\/wp\/v2\/pages"}],"about":[{"href":"https:\/\/www.consensus911.org\/it\/wp-json\/wp\/v2\/types\/page"}],"author":[{"embeddable":true,"href":"https:\/\/www.consensus911.org\/it\/wp-json\/wp\/v2\/users\/107"}],"replies":[{"embeddable":true,"href":"https:\/\/www.consensus911.org\/it\/wp-json\/wp\/v2\/comments?post=4150"}],"version-history":[{"count":5,"href":"https:\/\/www.consensus911.org\/it\/wp-json\/wp\/v2\/pages\/4150\/revisions"}],"predecessor-version":[{"id":21609,"href":"https:\/\/www.consensus911.org\/it\/wp-json\/wp\/v2\/pages\/4150\/revisions\/21609"}],"wp:attachment":[{"href":"https:\/\/www.consensus911.org\/it\/wp-json\/wp\/v2\/media?parent=4150"}],"curies":[{"name":"wp","href":"https:\/\/api.w.org\/{rel}","templated":true}]}}