{"id":4246,"date":"2012-11-30T08:08:08","date_gmt":"2012-11-30T16:08:08","guid":{"rendered":"http:\/\/www.consensus911.org\/?page_id=4246"},"modified":"2021-02-07T05:15:54","modified_gmt":"2021-02-07T13:15:54","slug":"punto-wtc7-3-it","status":"publish","type":"page","link":"https:\/\/www.consensus911.org\/it\/punto-wtc7-3-it\/","title":{"rendered":"Punto WTC7-3 (IT)"},"content":{"rendered":"<h4 class=\"c9h4\">Punto WTC7-3: L&#8217;affermazione contenuta nel Rapporto finale del NIST che il<br \/><span style=\"color: #ffffff\">Punto WTC7-3:<\/span> WTC&nbsp;7 croll\u00f2 in caduta libera senza l&#8217;intervento di esplosivi<\/h4>\n<div class=\"c9text-it\">\n<p class=\"c9np\"><a href=\"https:\/\/www.consensus911.org\/it\/punto-wtc7-2-it\/\">&lt;&lt; Punto precedente<\/a>, <a href=\"https:\/\/www.consensus911.org\/it\/punto-wtc7-8-it\/\">Punto successivo &gt;&gt;<\/a><\/p>\n<div class=\"c9hdr\"><a name=\"OFFICIAL\"><\/a>La versione ufficiale<\/div>\n<p style=\"padding-left: 30px\">Nel suo <i>Rapporto finale<\/i> sul WTC&nbsp;7,&nbsp;<a name=\"R_1\" href=\"#N_1\">[1]<\/a> pubblicato a novembre del 2008, il NIST infine ha ammesso che il WTC&nbsp;7 croll\u00f2 in caduta libera per pi\u00f9 di due secondi. Il NIST ha continuato a sostenere, comunque, che il WTC&nbsp;7 sia crollato a causa di un incendio, senza l&#8217;aiuto di alcun esplosivo.<\/p>\n<div class=\"c9hdr\"><a name=\"EVIDENCE\"><\/a>Le prove migliori<\/div>\n<p style=\"padding-left: 30px\">L&#8217;analisi scientifica&nbsp;<a name=\"R_2\" href=\"#N_2\">[2]<\/a> mostra che un crollo in caduta libera di un edificio dalla struttura in acciaio non pu\u00f2 essere provocato da incendi, e cio\u00e8 senza l&#8217;intervento di esplosivi (un fatto che il principale ricercatore del NIST, Shyam Sunder, riconobbe&nbsp;<a name=\"R_3\" href=\"#N_3\">[3]<\/a> nel corso della sua discussione del Draft Report for Public Comment nell&#8217;agosto del 2008).<\/p>\n<p class=\"c9np\"><a href=\"https:\/\/www.consensus911.org\/it\/punto-wtc7-2-it\/\">&lt;&lt; Punto precedente<\/a>, <a href=\"https:\/\/www.consensus911.org\/it\/punto-wtc7-8-it\/\">Punto successivo &gt;&gt;<\/a><\/p>\n<div class=\"c9hdr\"><a name=\"REFS\"><\/a>Note di riferimento per il punto WTC7-3<\/div>\n<div class=\"c9refs\">\n<table class=\"ref_tbl\">\n<tr>\n<td class=\"ref_nrs\">\n<div class=\"refnrs\"><a name=\"N_1\" href=\"#R_1\">[1]<\/a><\/div>\n<\/td>\n<td class=\"ref_txt\">\n<div class=\"rtxt-it\">\nNIST NCSTAR 1A, <a href=\"https:\/\/ws680.nist.gov\/publication\/get_pdf.cfm?pub_id=861610\"><i>Final Report on the Collapse of World Trade Center Building 7<\/i><\/a>, novembre 2008, p.&nbsp;45.\n<\/div>\n<\/td>\n<\/tr>\n<tr>\n<td class=\"ref_nrs\">\n<div class=\"refnrs\"><a name=\"N_2\" href=\"#R_2\">[2]<\/a><\/div>\n<\/td>\n<td class=\"ref_txt\">\n<div class=\"rtxt-it\">\n<a href=\"https:\/\/www.consensus911.org\/it\/membri-e-amministratori-del-consensus-911\/#CHANDLER\">Chandler<\/a>, \u201c<a href=\"https:\/\/www.youtube.com\/watch?v=v3mudruFzNw\">WTC7: NIST Finally Admits Freefall (Part III)<\/a>,\u201d (<a href=\"https:\/\/www.youtube.com\/watch?v=2bIvkgxlaGQ\">versione sottotitolata<\/a>), 2 gennaio 2009, al minuto 1:19. L&#8217;analisi \u00e8 stata confermata dallo stesso NIST in \u201cQuestions and Answers about the NIST WTC&nbsp;7 Investigation,\u201d NIST, agosto 2008 (originariamente all&#8217;indirizzo www.nist.gov\/public_affairs\/factsheet\/wtc_qa_082108.html). Questa versione del documento, che venne pubblicata nel sito del NIST in contemporanea alla pubblicazione del rapporto preliminare sul WTC&nbsp;7 (Draft for Public Comment), \u00e8 stata sostituita da una versione datata <a href=\"https:\/\/www.nist.gov\/pba\/questions-and-answers-about-nist-wtc-7-investigation\">17 settembre 2010<\/a>, in cui il NIST continua a riconoscere una fase di \u201caccelerazione gravitazionale [caduta libera]\u201d di 2,25 secondi.\n<\/div>\n<\/td>\n<\/tr>\n<tr>\n<td class=\"ref_nrs\">\n<div class=\"refnrs\"><a name=\"N_3\" href=\"#R_3\">[3]<\/a><\/div>\n<\/td>\n<td class=\"ref_txt\">\n<div class=\"rtxt-it\">\nSunder ha affermato: \u201cIl tempo di caduta libera sarebbe [il tempo di caduta] di un oggetto che non ha alcun componente strutturale sotto di s\u00e9. &#8230; Il &#8230; tempo che &#8230; quei 17 piani impiegarono per scomparire [\u00e8 stato approssimativamente 40% pi\u00f9 lento del tempo della caduta libera]. E ci\u00f2 non \u00e8 affatto inusuale, perch\u00e9 in questo caso particolare era presente una resistenza strutturale. C&#8217;era una sequenza di cedimenti strutturali che doveva aver luogo. E tutto ci\u00f2 non \u00e8 stato istantaneo\u201d (\u201cWTC&nbsp;7 Technical Briefing,\u201d NIST, 26 agosto 2008). Sebbene in origine ci fosse un video e una trascrizione di questo briefing nel sito Internet del NIST, entrambi vennero rimossi. Tuttavia il video \u00e8 ora visionabile <a href=\"https:\/\/vimeo.com\/11941571\">qui<\/a>. \u00c8 disponibile anche la sua trascrizione, con il titolo \u201c<a href=\"https:\/\/web.archive.org\/web\/20170829225548\/https:\/\/911speakout.org\/NIST_Tech_Briefing_Transcript.pdf\">NIST Technical Briefing on Its Final Draft Report on WTC&nbsp;7 for Public Comment<\/a>.\u201d\n<\/div>\n<\/td>\n<\/tr>\n<\/table>\n<\/div>\n<p><!-- c9refs -->\n<\/div>\n<p><!-- c9text --><\/p>\n","protected":false},"excerpt":{"rendered":"<p>Punto WTC7-3: L&#8217;affermazione contenuta nel Rapporto finale del NIST che il<br \/>Punto WTC7-3: WTC&nbsp;7 croll\u00f2 in caduta libera senza l&#8217;intervento di esplosivi <\/p>\n<p class=\"c9np\"><a href=\"https:\/\/www.consensus911.org\/it\/punto-wtc7-2-it\/\">&lt;&lt; Punto precedente<\/a>, <a href=\"https:\/\/www.consensus911.org\/it\/punto-wtc7-8-it\/\">Punto successivo &gt;&gt;<\/a><\/p>\n<p> <a name=\"OFFICIAL\"><\/a>La versione ufficiale <\/p>\n<p style=\"padding-left: 30px\">Nel suo Rapporto finale sul WTC&nbsp;7,&nbsp;<a name=\"R_1\" href=\"#N_1\">[1]<\/a> pubblicato a novembre del 2008, il NIST infine ha ammesso [&#8230;]<\/p>\n","protected":false},"author":107,"featured_media":0,"parent":0,"menu_order":153,"comment_status":"closed","ping_status":"closed","template":"","meta":{"footnotes":""},"class_list":["post-4246","page","type-page","status-publish","hentry"],"jetpack_sharing_enabled":true,"_links":{"self":[{"href":"https:\/\/www.consensus911.org\/it\/wp-json\/wp\/v2\/pages\/4246","targetHints":{"allow":["GET"]}}],"collection":[{"href":"https:\/\/www.consensus911.org\/it\/wp-json\/wp\/v2\/pages"}],"about":[{"href":"https:\/\/www.consensus911.org\/it\/wp-json\/wp\/v2\/types\/page"}],"author":[{"embeddable":true,"href":"https:\/\/www.consensus911.org\/it\/wp-json\/wp\/v2\/users\/107"}],"replies":[{"embeddable":true,"href":"https:\/\/www.consensus911.org\/it\/wp-json\/wp\/v2\/comments?post=4246"}],"version-history":[{"count":5,"href":"https:\/\/www.consensus911.org\/it\/wp-json\/wp\/v2\/pages\/4246\/revisions"}],"predecessor-version":[{"id":21322,"href":"https:\/\/www.consensus911.org\/it\/wp-json\/wp\/v2\/pages\/4246\/revisions\/21322"}],"wp:attachment":[{"href":"https:\/\/www.consensus911.org\/it\/wp-json\/wp\/v2\/media?parent=4246"}],"curies":[{"name":"wp","href":"https:\/\/api.w.org\/{rel}","templated":true}]}}