{"id":4458,"date":"2012-12-01T01:53:54","date_gmt":"2012-12-01T09:53:54","guid":{"rendered":"http:\/\/www.consensus911.org\/?page_id=4458"},"modified":"2017-12-11T06:48:02","modified_gmt":"2017-12-11T14:48:02","slug":"punto-mc-intro-it","status":"publish","type":"page","link":"https:\/\/www.consensus911.org\/it\/punto-mc-intro-it\/","title":{"rendered":"Punto MC-Intro (IT)"},"content":{"rendered":"<h4 class=\"c9h4\">Punto MC-Intro: Punto generale sui leader politici e militari l&#8217;11\/9<\/h4>\n<div class=\"c9text-it\">\n<p class=\"c9np\"><a href=\"https:\/\/www.consensus911.org\/it\/punto-me-2-it\/\">&lt;&lt; Punto precedente<\/a>, <a href=\"https:\/\/www.consensus911.org\/it\/punto-mc-3-it\/\">Punto successivo &gt;&gt;<\/a><\/p>\n<p style=\"padding-left: 30px\"><span style=\"color: #339966\">(<i>Nota:<\/i> I riferimenti che supportano questo punto generale si trovano nelle pagine relative ai punti indicati pi\u00f9 sotto).<\/span><\/p>\n<div class=\"c9hdr\"><a name=\"INTRO\"><\/a>Introduzione<\/div>\n<div style=\"padding-left: 30px\">\n<p>Uno dei fatti pi\u00f9 notevoli dell\u201911\/9 \u00e8 che i resoconti ufficiali sulle attivit\u00e0 dei sei alti dirigenti militari e politici con un ruolo di centrale importanza l&#8217;11\/9 \u2013 ruoli che li mettevano in posizione da poter influenzare il risultato degli eventi critici di quel giorno \u2013 sono contraddette da prove che suggeriscono che ciascuna di queste storie sia falsa, o per lo meno molto dubbia.<\/p>\n<div class=\"c9hdr\">Il presidente George W. Bush (Punti <a href=\"\/point-mc-1\/\">MC-1<\/a>, <a href=\"\/point-mc-2\/\">MC-2<\/a>) <span style=\"color: #ff0000\">** Traduzione in corso **<\/span><\/div>\n<p>La mattina del 11\/9, il presidente George W. Bush stava visitando una scuola elementare a Sarasota, in Florida. Quando si \u00e8 capito che i dirottatori stessero puntando su target di \u201calto valore rappresentativo,\u201d il capo dei Servizi Segreti ha comunque consentito al Presidente Bush di restare nella scuola per altri 30 minuti, e di rivolgersi alla nazione in televisione, facendo cos\u00ec sapere a tutti che il presidente fosse ancora l\u00ec.<\/p>\n<p>Il <i>Secret Service<\/i> \u00e8 responsabile della protezione del presidente. Una delle domande ancora senza risposta, come scrive il <i>St. Petersburg Times,<\/i> e\u2019 la seguente: \u201cperch\u00e9 il <i>Secret Service<\/i> non ha immediatamente trasferito Bush in un luogo sicuro?\u201d Il comitato dei familiari delle vittime del 11\/9 ha chiesto: \u201cPerch\u00e9 il presidente Bush \u00e8 stato autorizzato dai Servizi Segreti a rimanere nella scuola elementare di Sarasota?\u201d<\/p>\n<p>Il rapporto della Commissione 11\/9 ha vagamente detto: \u201cIl <i>Secret Service<\/i> ci ha detto che non vedeva l\u2019ora di portare il presidente Bush in un luogo sicuro, ma non ha ritenuto indispensabile che si precipitasse fuori dalla classe.\u201d<\/p>\n<p>Questa violazione dei protocolli suggerisce \u2013 senza provarlo \u2013 che il <i>Secret Service<\/i>, ad un certo livello, sapesse che il presidente non era in pericolo.<\/p>\n<p>La Casa Bianca inoltre, durante la settimana del primo anniversario degli attacchi, ha descritto in modo incorretto la visita di Bush alla scuola, ed ha dovuto correggersi, dopo l&#8217;uscita del video di quell&#8217;evento.<a name=\"CHENEY\"><\/a><\/p>\n<div class=\"c9hdr\">Il vice presidente Dick Cheney (Punti <a href=\"\/it\/punto-mc-3-it\/\">MC-3<\/a> e <a href=\"\/it\/punto-mc-4-it\/\">MC-4<\/a>)<\/div>\n<p>Secondo la Commissione 11 settembre, il vice presidente Dick Cheney entr\u00f2 nel PEOC (<i>Presidential Center Emergency Operations<\/i>) \u2013 dove ha organizato la risposta del governo agli attacchi \u2013 \u201csolo entro le ore 10\u201d, e cio\u00e8 dopo l\u2019attacco al Pentagono.<\/p>\n<p>Tuttavia, un certo numero di testimoni \u2013tra cui il il ministro dei Trasporti, Norman Mineta, il fotografo la Casa Bianca, David Bohrer, e lo stesso Dick Cheney (durante la trasmissione <i>Meet the Press<\/i>) \u2013 hanno riferito che Cheney fosse nel PEOC gi\u00e0 prima dell\u2019attacco al Pentagono. La testimonianza pi\u00f9 importante rimane quella di Norman Mineta, secondo la quale Cheney ha risposto alla domanda di un giovane ufficiale, che gli chiedeva, mentre l\u2019aereo si avvicinava al Pentagono: \u201cGli ordini restano invariati\u201d La risposta di Cheney indicava che gli ordini fossero sempre validi, e la loro migliore interpretazione \u00e8 che fossero ordini per i caccia di \u201crimanere a terra\u201d (<i>stand-down order<\/i>).<\/p>\n<div class=\"c9hdr\">Il Segretario di Stato Donald Rumsfeld (Punto <a href=\"\/it\/punto-mc-5-it\/\">MC-5<\/a>)<\/div>\n<p>Secondo il Ministro della difesa Donald Rumsfeld e il rapporto della Commissione 11\/9, Rumsfeld era nel suo ufficio e non sapeva nulla dell\u2019attacco finch\u00e9 non sent\u00ec l\u2019attacco contro il Pentagono.<\/p>\n<p>Tuttavia, nel suo libro <i>Against All Enemies<\/i>, pubblicato nel 2004, diversi mesi dopo la pubblicazione del rapporto della Commissione 11\/9, il coordinatore del controterrorismo Richard Clarke ha detto che Rumsfeld era nel centro di monitoraggio video che si trova nel centro di supporto gestionale al Pentagono, pochi minuti dopo il secondo attacco contro il WTC, e fino a quello contro il Pentagono. Robert Andrews, Vice Assistente del Segretario alla Difesa, ha detto intanto che subito dopo il secondo attacco contro le torri, Rumsfeld \u00e8 entrato nel Centro di supporto della direzione per raggiungere Clarke al Centro di videosorveglianza.<\/p>\n<p>Sembra dunque che i resoconti forniti dal Ministro della Difesa alla Commissione 11\/9 siano falsi.<\/p>\n<div class=\"c9hdr\">Il Generale Myers, in qualit\u00e0 di Capo di Stato Maggiore interarmi (Punto <a href=\"\/it\/punto-mc-6-it\/\">MC-6<\/a>)<\/div>\n<p>Secondo il rapporto della Commissione 11\/9 e Richard Myers, in qualit\u00e0 di Capo di Stato Maggiore interarmi, Myers si trovava a Capitol Hill durante gli attacchi, e non ritorn\u00f2 al Pentagono prima che questo fosse colpito. Questa versione dei fatti \u00e8 contraddetta da numerosi testimoni:<\/p>\n<ul style=\"padding-left: 30px\">\n<li>Nel suo libro \u201c<i>Against All Enemies<\/i>\u201d, pubblicato nel 2004 dal coordinatore antiterrorismo, Richard Clarke scrive che Myers, accompagnato dal segretario alla Difesa Donald Rumsfeld, si e\u2019presentato al centro di videosorveglianza verso le 9:10 \u2013 subito dopo il secondo attentato contro il WTC (9:03) \u2013 il che significa che Myers non potesse essere a Capitol Hill a quell\u2019ora.<\/li>\n<li>Thomas White, il Ministro delle Forze Armate ha detto che Myers partecipo\u2019 ad una colazione di lavoro con Rumsfeld tra le 8:00 e le 8:46 (ora del primo impatto contro il WTC)<\/li>\n<li>Nel libro pubblicato nel 2009 dal generale Hugh Shelton \u2013 che Myers sostituiva quella mattina &#8211; si legge che Myers era al Pentagono quando l\u2019aereo lo ha colpito.<\/li>\n<\/ul>\n<p>Pertanto, sembra che la storia raccontata da Myers alla Commissione 11\/9 sia falsa.<\/p>\n<div class=\"c9hdr\">Il Generale Hugh Shelton, presidente del Joint Chiefs of Staff (Punto <a href=\"\/it\/punto-mc-7-it\/\">MC-7<\/a>)<\/div>\n<p>Il Generale Hugh Shelton, capo del <i>Joint Chiefs of Staff<\/i>, ha detto che la mattina dell\u201911 settembre era a bordo di un aereo \u2013 nominato il <i>Spreckled Trout<\/i> \u2013 in rotta verso l\u2019Europa. Quando ha sentito la notizia dell\u2019attacco contro il Pentagono, ha chiesto all\u2019equipaggio di tornare al Pentagono. Secondo Shelton, furono quasi subito autorizzati a tornare negli Stati Uniti, ed atterrarono alla Andrews Air Force Base intorno a mezzogiorno, per poi avviarsi subito al Pentagono.<\/p>\n<p>Tuttavia, il fatto che Shelton sia tornato al Pentagono poco prima di mezzogiorno \u00e8 smentito da piu fatti&nbsp;:<\/p>\n<ul style=\"padding-left: 30px\">\n<li>Il navigatore del velivolo <i>Spreckled Trout<\/i> avrebbe dichiarato che l\u2019aereo, non avendo ricevuto rapidamente il permesso [di ritornare indietro] ha dovuto effettuare giri di attesa sulla Groenlandia (per 2 ore) e poi altri giri sopra il Canada.<\/li>\n<li>La traiettoria di volo indica che il <i>Spreckled Trout<\/i>sia atterrato alla base di Andrews alle 16:40.<\/li>\n<li>Un assistente militare che viaggiava con Shelton ha detto che si sono trasferiti dalla Base Andrews al Pentagono in macchina \u201cpi\u00f9 avanti nel pomeriggio.\u201d<\/li>\n<li>Il Generale Myers ha detto Shelton e\u2019 arrivato al Pentagono alle 17:40, ed era \u201cdi ritorno da un volo cancellato verso l\u2019Europa.\u201d<\/li>\n<\/ul>\n<div class=\"c9hdr\">Il Generale di brigata Montague Winfield (Punto <a href=\"\/it\/punto-mc-8-it\/\">MC-8<\/a>)<\/div>\n<p>Per due anni, si \u00e8 ipotizzato \u2013 ed \u00e8 stato riferito alla televisione \u2013 che il generale di brigata Montague Winfield, vice direttore delle operazioni presso il Comando Centro Militare Nazionale (NMCC) fosse al suo posto la mattina del 11 settembre.<\/p>\n<p>Ma nel luglio 2003, la Commissione 11\/9 ha saputo che tra le 8:00 e circa le 10:00 di quella mattina, Winfield \u00e8 stato sostituito \u2013 a sua richiesta, giustificando che doveva partecipare ad una riunione di valutazione degli Ufficiali dell\u2019Aeronautica Militare \u2013 dal capitano della Marina Charles Joseph \u201cJoe\u201d Leidig, che era stato [solo] da due mesi assistente al Centro di Comando delle operazioni, e aveva ottenuto la sua qualifica nel mese di agosto per poter sostituire Winfield, se necessario.<br \/>\nMa questa storia solleva molte domande scomode, tra cui:<\/p>\n<ul style=\"padding-left: 30px\">\n<li>Perch\u00e9 il Generale di brigata Winfield si e\u2019 presentato alle trasmissioni di CNN e ABC nel 2002 come vicedirettore delle operazioni il 11 settembre 2001?<\/li>\n<li>Perch\u00e9 il Generale di brigata Winfield non e\u2019 stato richiamato al NMCC dopo il secondo attentato contro il WTC (che dimostrava chiaramente che l\u2019America fosse sotto attacco)&nbsp;?<\/li>\n<li>Perch\u00e9 il Generale Richard Myers, che agiva in qualit\u00e0 di capo di stato maggiore [l&#8217;11\/9], nelle sue memorie pubblicate nel 2009, descrive Winfield come l\u2019ufficiale di servizio incaricato del NMCC durante la mattina dell\u201911 settembre?<\/li>\n<\/ul>\n<p>Queste domande che rimangono senza risposta suggeriscono che l\u2019affermazione secondo la quale Leidig e non Winfield fosse al posto di direttore delle operazioni al NMCC durante gli attacchi del 11\/9 sia falsa \u2013 anche se in questo caso non si capisce perch\u00e9 il Pentagono e la Commissione 11\/9 avrebbero fatto questa dichiarazione.\n<\/p><\/div>\n<div class=\"c9hdr\"><a name=\"CONCLUSION\"><\/a>Conclusioni<\/div>\n<div style=\"padding-left: 30px\">\nQueste sei vicende sono diverse: due riguardano persone \u2013 Bush e Shelton \u2013 che erano in viaggio, mentre le altre quattro riguardano uomini che si trovavano a Washington. Ma tutte e sei hanno due cose in comune:<\/p>\n<ul style=\"padding-left: 30px\">\n<li>I sei uomini occupavano posizioni da cui potevano influenzare il corso degli attacchi del 11\/9.<\/li>\n<li>La Commissione 11\/9 ha fornito per ciascuna di questo persone una versione dei fatti che viene contraddetta da una notevole quantit\u00e0 di elementi.<\/li>\n<\/ul>\n<p>Queste sei vicende mostrano quindi una cosa notevole: \u00e8 evidente che la Commissione 11\/9 abbia fornito una versione falsa sulle azioni di sei alti dirigenti che occupavano posizioni che gli permettevano di influenzare il corso degli attentati del 11\/9.<\/p>\n<p>Questi elementi stupefacenti mostrano chiaramente la necessit\u00e0 di una nuova inchiesta sul ruolo di ciascun membro chiave del governo e dell\u2019esercito l&#8217;11 settembre 2001.\n<\/p><\/div>\n<p class=\"c9np\"><a href=\"https:\/\/www.consensus911.org\/it\/punto-me-2-it\/\">&lt;&lt; Punto precedente<\/a>, <a href=\"https:\/\/www.consensus911.org\/it\/punto-mc-3-it\/\">Punto successivo &gt;&gt;<\/a><\/p>\n<\/div>\n<p><!-- c9text --><\/p>\n","protected":false},"excerpt":{"rendered":"<p>Punto MC-Intro: Punto generale sui leader politici e militari l&#8217;11\/9 <\/p>\n<p class=\"c9np\"><a href=\"https:\/\/www.consensus911.org\/it\/punto-me-2-it\/\">&lt;&lt; Punto precedente<\/a>, <a href=\"https:\/\/www.consensus911.org\/it\/punto-mc-3-it\/\">Punto successivo &gt;&gt;<\/a><\/p>\n<p style=\"padding-left: 30px\">(Nota: I riferimenti che supportano questo punto generale si trovano nelle pagine relative ai punti indicati pi\u00f9 sotto).<\/p>\n<p> <a name=\"INTRO\"><\/a>Introduzione <\/p>\n<p>Uno dei fatti pi\u00f9 notevoli dell\u201911\/9 \u00e8 che i resoconti ufficiali sulle attivit\u00e0 dei [&#8230;]<\/p>\n","protected":false},"author":107,"featured_media":0,"parent":0,"menu_order":79,"comment_status":"closed","ping_status":"closed","template":"","meta":{"footnotes":""},"class_list":["post-4458","page","type-page","status-publish","hentry"],"jetpack_sharing_enabled":true,"_links":{"self":[{"href":"https:\/\/www.consensus911.org\/it\/wp-json\/wp\/v2\/pages\/4458","targetHints":{"allow":["GET"]}}],"collection":[{"href":"https:\/\/www.consensus911.org\/it\/wp-json\/wp\/v2\/pages"}],"about":[{"href":"https:\/\/www.consensus911.org\/it\/wp-json\/wp\/v2\/types\/page"}],"author":[{"embeddable":true,"href":"https:\/\/www.consensus911.org\/it\/wp-json\/wp\/v2\/users\/107"}],"replies":[{"embeddable":true,"href":"https:\/\/www.consensus911.org\/it\/wp-json\/wp\/v2\/comments?post=4458"}],"version-history":[{"count":5,"href":"https:\/\/www.consensus911.org\/it\/wp-json\/wp\/v2\/pages\/4458\/revisions"}],"predecessor-version":[{"id":19434,"href":"https:\/\/www.consensus911.org\/it\/wp-json\/wp\/v2\/pages\/4458\/revisions\/19434"}],"wp:attachment":[{"href":"https:\/\/www.consensus911.org\/it\/wp-json\/wp\/v2\/media?parent=4458"}],"curies":[{"name":"wp","href":"https:\/\/api.w.org\/{rel}","templated":true}]}}