{"id":7431,"date":"2013-11-15T03:22:13","date_gmt":"2013-11-15T11:22:13","guid":{"rendered":"http:\/\/www.consensus911.org\/?page_id=7431"},"modified":"2024-07-11T11:49:25","modified_gmt":"2024-07-11T18:49:25","slug":"point-pc-1-nl","status":"publish","type":"page","link":"https:\/\/www.consensus911.org\/nl\/point-pc-1-nl\/","title":{"rendered":"Point PC-1 (nl)"},"content":{"rendered":"<h4 class=\"c9h4\">Punt PC-1: De vermeende telefoongesprekken van Todd Beamer,<br \/>\n<span style=\"color: #ffffff\">Punt PC-1:<\/span> vlucht UA&nbsp;93<\/h4>\n<div class=\"c9text-nl\">\n<p class=\"c9np\"><a href=\"https:\/\/www.consensus911.org\/nl\/point-h-2-nl\/\">&lt;&lt; Vorig Punt<\/a>, <a href=\"https:\/\/www.consensus911.org\/nl\/point-pc-1a-nl\/\">Volgend Punt &gt;&gt;<\/a><\/p>\n<div class=\"c9hdr\"><a name=\"OFFICIAL\"><\/a>De offici\u00eble lezing<\/div>\n<div style=\"padding-left: 30px\">\nTodd Beamer was \u00e9\u00e9n van de passagiers aan boord van UA&nbsp;93 die op heldhaftige wijze voorkwam dat de kapers hun doel in Washington, D.C. zouden bereiken. Hij werd de meest gevierde van deze helden met zijn uitspraak, terwijl een groep passagiers zich klaar maakten om in actie te komen, \u201cZijn jullie klaar, jongens? Okay, daar gaan we [Okay, let\u2019s roll].\u201d&nbsp;<a name=\"R_1\" href=\"#N_1\">[1]<\/a><\/p>\n<p>Dit feit werd bekend gemaakt door een afdelingshoofd bij telefoonmaatschappij GTE, Lisa Jefferson, met wie Todd Beamer een telefoongesprek van 13 minuten had voor het toestel neerstortte, en werd later opgenomen in het <i>Het Eindverslag Commissie 11 September<\/i>.&nbsp;<a name=\"R_2\" href=\"#N_2\">[2]<\/a><\/p>\n<p>Beamer kwam uiteindelijk terecht bij Jefferson omdat, nadat hij had geprobeerd met zijn creditkaart via de boordtelefoon zijn vrouw, Lisa Beamer, te bellen, zijn telefoontje werd omgeleid naar een medewerker van de klantenservice van GTE (Verizon), Phyllis Johnson, die hem doorschakelde naar Jefferson. Beamer bleef aan de telefoon met Jefferson. Hij werd niet doorverbonden met zijn vrouw, Lisa Beamer. Zij was zwanger en hij wilde haar niet van streek maken.&nbsp;<a name=\"R_3\" href=\"#N_3\">[3]<\/a><\/p>\n<p>Het archief van telefoongegevens laat zien dat Beamer vier keer probeerde te bellen, alleen bij de vierde poging werd hij doorverbonden. Dit gesprek duurde 3.925 seconden (iets meer dan 65 minuten),&nbsp;<a name=\"R_4\" href=\"#N_4\">[4]<\/a> terwijl Beamer slechts gedurende zo\u2019n 20 minuten&nbsp;<a name=\"R_5\" href=\"#N_5\">[5]<\/a> sprak met de twee vertegenwoordigers van GTE (Johnson en Jefferson). \u201cMeneer Beamer vertelde de telefoniste\u201d, zo zegt een samenvatting van de FBI van hun interview met Jefferson, \u201cdat het vliegtuig was gekaapt en dat hij twee mannen met messen en nog iemand de cockpit binnen zag gaan.\u201d&nbsp;<a name=\"R_6\" href=\"#N_6\">[6]<\/a><\/p>\n<p>In november 2001 gebruikte President Bush de zinsnede \u201cLet\u2019s Roll\u201d (Daar gaan we) in een toespraak om Amerika op te roepen ten strijde te trekken en de jacht op de terroristen te openen.&nbsp;<a name=\"R_7\" href=\"#N_7\">[7]<\/a> In 2002 schreef de Washington Post: \u201cOmhelsd en uitgedragen door President Bush als een vaderlandslievende strijdkreet\u201d, werd de kreet \u201cLet\u2019s Roll\u201d ook \u201cop de zijkant van jachtvliegtuigen van de Luchtmacht geschilderd, op brandweerauto\u2019s, op sportkleding voor scholen, en op talloze T-shirts, honkbalpetjes en buttons.\u201d&nbsp;<a name=\"R_8\" href=\"#N_8\">[8]<\/a><\/p>\n<\/div>\n<div class=\"c9hdr\"><a name=\"EVIDENCE\"><\/a>Het beste bewijs<\/div>\n<div style=\"padding-left: 30px\">Er zijn acht redenen om te twijfelen aan de echtheid van het vermelde telefoongesprek met Lisa Jefferson van de man die zich identificeerde als Todd Beamer.<\/p>\n<ol style=\"padding-left: 30px\">\n<li>Het is zeer onwaarschijnlijk dat een passagier aan boord van UA&nbsp;93 onafgebroken, gedurende 13 minuten, met Jefferson kon spreken.&nbsp;<a name=\"R_9\" href=\"#N_9\">[9]<\/a> Volgens het boek van Lisa Beamer uit 2002 was Jefferson zelf verbaasd en zei dat het \u201ceen wonder was dat Todd\u2019s gesprek niet werd onderbroken.\u201d Waarom beschouwde Jefferson dat als een wonder? \u201cVanwege het enorme aantal telefoontjes die dag werden de systemen van GTE overbelast en overal om haar heen werden telefoontjes afgebroken &#8230; Ze bleef maar denken, Dit telefoontje kan elk moment worden be\u00ebindigd.\u201d&nbsp;<a name=\"R_10\" href=\"#N_10\">[10]<\/a><\/li>\n<li>De man die zich voorstelde als Todd Beamer praatte gedurende ongeveer 15 minuten met medewerkers van GTE Johnson en Jefferson in plaats van met zijn vrouw, Lisa Beamer. Jefferson vroeg hem: \u201cWil je dat ik probeer om je vrouw te bereiken en je doorverbindt?\u201d Hij antwoordde: \u201cNee, nee. Ik wil haar niet onnodig van streek maken. Ze verwacht ons derde kind in januari, en ik maak haar liever niet van streek als het niet nodig is.\u201d&nbsp;<a name=\"R_11\" href=\"#N_11\">[11]<\/a> Deze uitspraak klopt niet met het rapport van de FBI dat zegt dat hij eerst had geprobeerd om zijn huis te bellen om 9.43.48 \u2019s ochtends.&nbsp;<a name=\"R_12\" href=\"#N_12\">[12]<\/a> Om drie redenen is het onwaarschijnlijk dat Beamer later zou hebben besloten om zijn vrouw niet te bellen:\n<ul style=\"padding-left: 30px\">\n<li>Volgens Jefferson was Beamer ervan overtuigd dat hij zou gaan sterven. Toch liet hij de laatste kans om zijn vrouw te spreken voorbijgaan.<\/li>\n<li>Hij wilde haar niet spreken om haar niet van streek te maken, hoewel ze natuurlijk ook van streek zou raken na het horen van zijn dood.<\/li>\n<li>De man die zich voordeed als zijnde Todd Beamer zei tegen Jefferson: \u201cIk wil gewoon met iemand praten en gewoon iemand laten weten wat er hier gebeurt.\u201d&nbsp;<a name=\"R_13\" href=\"#N_13\">[13]<\/a> Hij vroeg echter niet om door te worden verbonden met andere familieleden of vrienden.<\/li>\n<\/ul>\n<\/li>\n<li>Ondanks de situatie waarin hij zich bevond bleef de vermeende Todd Beamer opmerkelijk kalm tijdens het grootste deel van het gesprek. Jefferson herinnert zich: \u201cToen ik Todd aan de lijn kreeg was hij kalm &#8230; En hij bleef het hele gesprek kalm.\u201d&nbsp;<a name=\"R_14\" href=\"#N_14\">[14]<\/a> Jefferson schreef ook: \u201cZijn stem was ontdaan van enige stress. Feitelijk klonk hij zo kalm dat ik begon te twijfelen aan de echtheid en de urgentie van zijn telefoontje.\u201d&nbsp;<a name=\"R_15\" href=\"#N_15\">[15]<\/a> Later vertelde ze Beamer\u2019s echtgenote: \u201cAls ik niet had geweten dat het om een echte kaping ging dan zou ik hebben gedacht dat het een grap was, want Todd was zo rationeel en planmatig bij wat hij deed.\u201d&nbsp;<a name=\"R_16\" href=\"#N_16\">[16]<\/a><\/li>\n<li>Het was op geen enkele manier mogelijk om te bevestigen dat de man die met Phyllis Johnson en Lisa Jefferson sprak ook werkelijk Todd Beamer was.\n<ul style=\"padding-left: 30px\">\n<li>Geen van beide vrouwen kende hem, dus konden ze ook niet zijn stem herkennen.<\/li>\n<li>Omdat de beller niet doorverbonden wilde worden met Lisa Beamer kan zij ook niet zeggen of het werkelijk de stem van haar man was.<\/li>\n<li>Volgens Jefferson werd het gesprek niet door haar opgenomen,&nbsp;<a name=\"R_17\" href=\"#N_17\">[17]<\/a> noch door het naastgelegen Airfone Operations Surveillance Center (AOSC), aan wie Jefferson het gesprek meteen meldde.&nbsp;<a name=\"R_18\" href=\"#N_18\">[18]<\/a><\/li>\n<li>Phyllis Johnson, de medewerker van GTE die naar verluidt het telefoontje in eerste instantie aannam, is, voor zover bekend, niet door de FBI ondervraagd.&nbsp;<a name=\"R_19\" href=\"#N_19\">[19]<\/a><\/li>\n<\/ul>\n<\/li>\n<li>Volgens het FBI telefoonverslag betreffende UA&nbsp;93, dat werd verschaft tijdens de rechtszaak tegen Moussaoui in 2006, werden vier telefoontjes toegeschreven aan Todd Beamer. Het eerste duurde \u201c0 seconden\u201d (wat betekent dat het niet door werd verbonden). Het tweede, dat ook \u201c0 seconden\u201d duurde, kwam volgens de verslagen op precies hetzelfde moment als het eerste (09.42.44). Het derde telefoontje duurde eveneens \u201c0 seconden\u201d en werd gepleegd naar het huis van Beamer. Het vierde \u2013 dat naar verluidt werd aangenomen door een medewerker van GTE en 3.925 seconden (ongeveer 65 minuten) duurde \u2013 vond op precies dezelfde tijd (9.48.48) plaats als het derde.&nbsp;<a name=\"R_20\" href=\"#N_20\">[20]<\/a> Er werden dus blijkbaar op de seconde precies twee keer op hetzelfde moment gebeld, en er werd geen offici\u00eble verklaring gegeven hoe dat kon.<\/li>\n<li>Volgens Jefferson bleef de telefoon waarmee de man met wie ze sprak belde tot lang na het neerstorten van UA&nbsp;93 verbonden. Jefferson berichtte dat hij de telefoon achterliet nadat hij zei \u201cLet\u2019s roll\u201d en ze schreef dat het \u201cgewoon stil werd\u201d aan de andere kant van de lijn. Hoewel ze nog \u201congeveer 15 minuten\u201d bleef luisteren (het vroege bewijs gaf aan dat het 13 minuten was), \u201choorde ze nooit het toestel neerstorten.\u201d Daaraan voegde ze toe: \u201cIk kan het niet verklaren. De verbinding werd niet verbroken want dat veroorzaakt een ander geluid. Als je de verbinding verliest dan geeft dat een gillend geluid. De verbinding werd niet verbroken, het werd gewoon stil.\u201d&nbsp;<a name=\"R_21\" href=\"#N_21\">[21]<\/a><\/li>\n<li>Op 29 september 2001 ontving de FBI gedetailleerde gegevens van het kantoor draadloze abonnees van Verizon, gevestigd in Badminster, New Jersey, dat met de telefoon van Todd Beamer 19 uitgaande oproepen waren gedaan na het vermeende tijdstip van neerstorten van Vlucht UA&nbsp;93, om 10.03.&nbsp;<a name=\"R_22\" href=\"#N_22\">[22]<\/a> Dit feit, samen met punt 6 hierboven, geeft aan dat; of de man die zich voorstelde als Todd Beamer was niet aan boord van UA&nbsp;93, of Todd Beamer\u2019s telefoon was niet aan boord van UA&nbsp;93, of deze vlucht stortte niet neer.<\/li>\n<li>Todd Beamer werd gevierd omdat hij zou hebben gezegd: \u201cZijn jullie klaar, jongens? OK, daar gaan we.\u201d Maar deze uitdrukking is niet opgenomen in de samenvatting van het interview met Lisa Jefferson door de FBI op de dag van het telefoongesprek. In plaats daarvan, volgens deze opsomming: \u201cRond 9 uur \u2019s ochtends, Central Time, zei Beamer dat de passagiers klaarstonden om de kapers aan te vallen &#8230; [Hij] vroeg Jefferson om [naam weggelaten] te bellen om hen te zeggen dat hij van hen hield &#8230; Vervolgens hoorde Jefferson een andere passagier het teken geven om in actie te komen. Daarna hoorde ze niets meer.\u201d&nbsp;<a name=\"R_23\" href=\"#N_23\">[23]<\/a><\/li>\n<\/ol>\n<p>De eerste keer dat Todd Beamer\u2019s \u201cstrijdkreet\u201d op schrift werd geciteerd was kennelijk vijf dagen later, in een artikel door Jim McKinnon van de Pittsburgh Post Gazette op 16 september. Blijkbaar had McKinnon van de kreet gehoord van Todd Beamer\u2019s echtgenote Lisa Beamer, die door McKinnon was ge\u00efnterviewd. Na te hebben verklaard dat Todd Beamer (naar verluidt) zijn telefoon had laten vallen nadat hij Lisa Jefferson had gevraagd zijn vrouw te bellen, schreef McKinnon: \u201cHet was op dat moment dat Jefferson hoorde wat Lisa Beamer meende dat het de laatste woorden van haar man waren: Let\u2019s roll (Daar gaan we).\u201d&nbsp;<a name=\"R_24\" href=\"#N_24\">[24]<\/a><\/p>\n<p>Hoe het ook zij, in de samenvatting van het interview van de FBI met Lisa Jefferson wordt niet alleen de zinsnede \u201cLet\u2019s roll\u201d niet vermeld (wat simpelweg door een FBI-agent zou kunnen zijn weggelaten). Het schrijft ook het startsignaal toe aan een andere passagier, niet aan Todd Beamer.<\/p>\n<\/div>\n<div class=\"c9hdr\"><a name=\"CONCLUSION\"><\/a>Conclusie<\/div>\n<div style=\"padding-left: 30px\">\nTen eerste staat de ware aard van het vermelde telefoongesprek tussen GTE medewerker Lisa Jefferson en de man die zich bekendmaakte als Todd Beamer ernstig ter discussie.<\/p>\n<p>Ten tweede bestaan er acht problemen bij de offici\u00eble lezing van dit telefoontje. De eerste drie laten zien dat het gesprek onwaarschijnlijk was. Het vierde toont aan dat het onmogelijk is om de authenticiteit van het gesprek te bevestigen. De volgende drie roepen ernstige vragen op over de verbinding van het gesprek. En ten slotte, het toeschrijven van \u201cLet\u2019s roll\u201d aan Todd Beamer is in tegenspraak met wat Lisa Jefferson op 11 september, de dag dat zij het telefoontje ontving, aan de FBI vertelde.<\/p>\n<p>Gezien het cruciale belang dat dit telefoontje speelde in het opstarten van de \u201coorlog tegen het terrorisme\u201d laten deze problemen, net als de problemen in het <a href=\"https:\/\/www.consensus911.org\/nl\/point-pc-2-nl\/\">verhaal van Barbara Olson<\/a>, zien dat de grondslag van het bewijs voor deze \u201coorlog\u201d net zo zwak was als het bewijs voor \u201cmassavernietigingswapens\u201d in het beginnen van de \u201coorlog\u201d met Irak.&nbsp;<a name=\"R_25\" href=\"#N_25\">[25]<\/a><\/p>\n<\/div>\n<p class=\"c9np\"><a href=\"https:\/\/www.consensus911.org\/nl\/point-h-2-nl\/\">&lt;&lt; Vorig Punt<\/a>, <a href=\"https:\/\/www.consensus911.org\/nl\/point-pc-1a-nl\/\">Volgend Punt &gt;&gt;<\/a><\/p>\n<div class=\"c9hdr\"><a name=\"REFS\"><\/a>Referenties voor Punt PC-1<\/div>\n<div class=\"c9refs\">\n<table class=\"ref_tbl\">\n<tbody>\n<tr>\n<td class=\"ref_nrs\">\n<div class=\"refnrs\"><a name=\"N_1\" href=\"#R_1\">[1]<\/a><\/div>\n<\/td>\n<td class=\"ref_txt\">\n<div class=\"rtxt-nl\">\nLisa D Jefferson en Felicia Middlebrooks, <a href=\"http:\/\/www.amazon.com\/Called-Jefferson-Understand-Hijacked-September\/dp\/188127375X\">Called<\/a> (Northfield Publishing, 2006), blz.&nbsp;53. Jim McKinnon, <a href=\"https:\/\/web.archive.org\/web\/20120506010308\/http:\/\/old.post-gazette.com\/headlines\/20010922gtenat4p4.asp\">Gesprek van 13 Minuten Bindt Haar voor Altijd Aan Held<\/a>, in de Pittsburh Post Gazette, 22 september 2001.\n<\/div>\n<\/td>\n<\/tr>\n<tr>\n<td class=\"ref_nrs\">\n<div class=\"refnrs\"><a name=\"N_2\" href=\"#R_2\">[2]<\/a><\/div>\n<\/td>\n<td class=\"ref_txt\">\n<div class=\"rtxt-nl\">\n<i>Het Eindverslag Commissie 11 September<\/i> (2004), blz.&nbsp;13, blz.&nbsp;456, noot 80, blz.&nbsp;457, noot 81.\n<\/div>\n<\/td>\n<\/tr>\n<tr>\n<td class=\"ref_nrs\">\n<div class=\"refnrs\"><a name=\"N_3\" href=\"#R_3\">[3]<\/a><\/div>\n<\/td>\n<td class=\"ref_txt\">\n<div class=\"rtxt-nl\">\nJefferson en Middlebrooks, <a href=\"http:\/\/www.amazon.com\/Called-Jefferson-Understand-Hijacked-September\/dp\/188127375X\">Called<\/a>, blz.&nbsp;47-48.\n<\/div>\n<\/td>\n<\/tr>\n<tr>\n<td class=\"ref_nrs\">\n<div class=\"refnrs\"><a name=\"N_4\" href=\"#R_4\">[4]<\/a><\/div>\n<\/td>\n<td class=\"ref_txt\">\n<div class=\"rtxt-nl\">\nDe Commissie 11 September, <a href=\"https:\/\/www.scribd.com\/doc\/19987615\/Mfr-Nara-t7-Doj-Doj-Briefing-on-Ua93-Calls-51304-00217\">Memorandum voor het Archief: Department of Justice briefing on cell phone calls from UA Flight 93<\/a>, 13 mei 2004. Het staatje dat door de aanklagers van de VS werd gemaakt voor het proces tegen Zacarias Moussaoui in 2006 kan gemakkelijk hier worden teruggevonden: <a href=\"http:\/\/911research.wtc7.net\/planes\/evidence\/calldetail.html\">Gedetailleerd Verslag van Telefoongesprekken Gemaakt vanaf de Vluchten op 11 September: Todd Beamer<\/a>.\n<\/div>\n<\/td>\n<\/tr>\n<tr>\n<td class=\"ref_nrs\">\n<div class=\"refnrs\"><a name=\"N_5\" href=\"#R_5\">[5]<\/a><\/div>\n<\/td>\n<td class=\"ref_txt\">\n<div class=\"rtxt-nl\">\nBeamer sprak een paar minuten met Phyllis Johnson, een medewerker van GTE, waarna hij werd doorverbonden met Lisa Jefferson, met wie hij, zo zegt zij, \u201cnog ongeveer een kwartier\u201d sprak (Jefferson en Middlebrooks, <a href=\"http:\/\/www.amazon.com\/Called-Jefferson-Understand-Hijacked-September\/dp\/188127375X\">Called<\/a>, blz.&nbsp;53). McKinnon, <a href=\"https:\/\/web.archive.org\/web\/20120506010308\/http:\/\/old.post-gazette.com\/headlines\/20010922gtenat4p4.asp\">Gesprek van 13 Minuten Bindt Haar voor Altijd Aan Held<\/a>, in de Pittsburh Post Gazette, 22 september 2001.\n<\/div>\n<\/td>\n<\/tr>\n<tr>\n<td class=\"ref_nrs\">\n<div class=\"refnrs\"><a name=\"N_6\" href=\"#R_6\">[6]<\/a><\/div>\n<\/td>\n<td class=\"ref_txt\">\n<div class=\"rtxt-nl\">\n<span class=\"deadlink\" title=\"voorheen verkrijgbaar bij http:\/\/intelfiles.egoplex.com\/2001-09-11-FBI-FD302-lisa-jefferson.pdf\">FBI interview met Lisa Jefferson<\/span> (<a href=\"https:\/\/www.consensus911.org\/wp-content\/uploads\/2016\/12\/2001-09-11-FBI-FD302-lisa-jefferson.pdf\">backup<\/a>), 11 september 2001; <a href=\"https:\/\/www.intelwire.com\/\"><i>Intelwire<\/i><\/a>.\n<\/div>\n<\/td>\n<\/tr>\n<tr>\n<td class=\"ref_nrs\">\n<div class=\"refnrs\"><a name=\"N_7\" href=\"#R_7\">[7]<\/a><\/div>\n<\/td>\n<td class=\"ref_txt\">\n<div class=\"rtxt-nl\">\nBush: \u201c<a href=\"https:\/\/web.archive.org\/web\/20131006155417\/http:\/\/content.time.com\/time\/nation\/article\/0,8599,183747,00.html\">My Fellow Americans, Let\u2019s Roll<\/a>\u201d, Jessica Reaves, in Time Magazine, 9 november 2001.\n<\/div>\n<\/td>\n<\/tr>\n<tr>\n<td class=\"ref_nrs\">\n<div class=\"refnrs\"><a name=\"N_8\" href=\"#R_8\">[8]<\/a><\/div>\n<\/td>\n<td class=\"ref_txt\">\n<div class=\"rtxt-nl\">\nPeter Perl, \u201cHallowed Ground [Heilige Grond]\u201d, in de Washington Post, 12 mei 2002 (www.washingtonpost.com\/ac2\/wp-dyn?pagename=article&amp;node=&amp;contentId=A56110-2002May8). Deze URL werkt niet meer; het bewijs is <a href=\"https:\/\/web.archive.org\/web\/20020903185951\/http:\/\/www.washingtonpost.com\/wp-srv\/liveonline\/02\/magazine\/magazine_perl051302.htm\">hier<\/a> te vinden.\n<\/div>\n<\/td>\n<\/tr>\n<tr>\n<td class=\"ref_nrs\">\n<div class=\"refnrs\"><a name=\"N_9\" href=\"#R_9\">[9]<\/a><\/div>\n<\/td>\n<td class=\"ref_txt\">\n<div class=\"rtxt-nl\">\nAan de 13 minuten wordt gerefereerd in Jefferson\u2019s interview met stafschrijver Jim McKinnon, \u201c<a href=\"https:\/\/web.archive.org\/web\/20120506010308\/http:\/\/old.post-gazette.com\/headlines\/20010922gtenat4p4.asp\">13-Minute Call Bonds her Forever With Hero<\/a> [Gesprek van 13 Minuten Bindt Haar voor Altijd Aan Held]\u201d, in de Pittsburh Post Gazette, 22 september 2001, en in een artikel van Wes Smith, \u201c<a href=\"https:\/\/web.archive.org\/web\/20151020082623\/http:\/\/www.southcoasttoday.com\/article\/20020910\/NEWS\/309109963\">Operator Can\u2019t Forget Haunting Cries From Flight 93<\/a> [Telefoniste Kan Rondspokende Jammerkreten van Vlucht 93 Niet Vergeten]\u201d (<a href=\"https:\/\/web.archive.org\/web\/20151020082623\/http:\/\/www.southcoasttoday.com\/article\/20020910\/NEWS\/309109963\">archiefkopie<\/a>), in de Orlando Sentinel, 5 september 2002.\n<\/div>\n<\/td>\n<\/tr>\n<tr>\n<td class=\"ref_nrs\">\n<div class=\"refnrs\"><a name=\"N_10\" href=\"#R_10\">[10]<\/a><\/div>\n<\/td>\n<td class=\"ref_txt\">\n<div class=\"rtxt-nl\">\nLisa Beamer en Ken Abraham, \u201c<a href=\"http:\/\/www.amazon.com\/Lets-Roll-Ordinary-Extraordinary-Paperback\/dp\/B00NYI94TS\/\">Let\u2019s Roll: Let\u2019s Roll: Ordinary People, Extraordinary Courage<\/a> [Gewone Mensen, Buitengewone Moed]\u201d (Wheaton, IL: Tyndale House Publishers, 2002), blz.&nbsp;217.\n<\/div>\n<\/td>\n<\/tr>\n<tr>\n<td class=\"ref_nrs\">\n<div class=\"refnrs\"><a name=\"N_11\" href=\"#R_11\">[11]<\/a><\/div>\n<\/td>\n<td class=\"ref_txt\">\n<div class=\"rtxt-nl\">\nJefferson en Middlebrooks, <a href=\"http:\/\/www.amazon.com\/Called-Jefferson-Understand-Hijacked-September\/dp\/188127375X\">Called<\/a>, blz.&nbsp;47-48.\n<\/div>\n<\/td>\n<\/tr>\n<tr>\n<td class=\"ref_nrs\">\n<div class=\"refnrs\"><a name=\"N_12\" href=\"#R_12\">[12]<\/a><\/div>\n<\/td>\n<td class=\"ref_txt\">\n<div class=\"rtxt-nl\">\nHet staatje dat door de aanklagers van de VS werd gemaakt voor het proces tegen Zacarias Moussaoui in 2006 kan hier worden gevonden: <a href=\"http:\/\/911research.wtc7.net\/planes\/evidence\/calldetail.html\">Gedetailleerd Verslag van Telefoongesprekken Gemaakt vanaf de Vluchten op 11 September: Todd Beamer<\/a>.\n<\/div>\n<\/td>\n<\/tr>\n<tr>\n<td class=\"ref_nrs\">\n<div class=\"refnrs\"><a name=\"N_13\" href=\"#R_13\">[13]<\/a><\/div>\n<\/td>\n<td class=\"ref_txt\">\n<div class=\"rtxt-nl\">\nJere Longman, \u201c<a href=\"http:\/\/www.amazon.de\/Among-Heroes-Jere-Longman\/dp\/0743230981\/\">Among the Heroes<\/a> [Onder de Helden]\u201d, Harper Perinnial, 2003, blz.&nbsp;204.\n<\/div>\n<\/td>\n<\/tr>\n<tr>\n<td class=\"ref_nrs\">\n<div class=\"refnrs\"><a name=\"N_14\" href=\"#R_14\">[14]<\/a><\/div>\n<\/td>\n<td class=\"ref_txt\">\n<div class=\"rtxt-nl\">\nWendy Schuman, <a href=\"https:\/\/www.beliefnet.com\/inspiration\/2006\/06\/i-promised-i-wouldnt-hang-up.aspx\">Ik Beloofde Niet Op te Hangen<\/a>, Beliefnet, 2006.\n<\/div>\n<\/td>\n<\/tr>\n<tr>\n<td class=\"ref_nrs\">\n<div class=\"refnrs\"><a name=\"N_15\" href=\"#R_15\">[15]<\/a><\/div>\n<\/td>\n<td class=\"ref_txt\">\n<div class=\"rtxt-nl\">\nJefferson en Middlebrooks, <a href=\"http:\/\/www.amazon.com\/Called-Jefferson-Understand-Hijacked-September\/dp\/188127375X\">Called<\/a>, blz.&nbsp;33.\n<\/div>\n<\/td>\n<\/tr>\n<tr>\n<td class=\"ref_nrs\">\n<div class=\"refnrs\"><a name=\"N_16\" href=\"#R_16\">[16]<\/a><\/div>\n<\/td>\n<td class=\"ref_txt\">\n<div class=\"rtxt-nl\">\nBeamer en Abraham, Let\u2019s Roll! Blz. 211.\n<\/div>\n<\/td>\n<\/tr>\n<tr>\n<td class=\"ref_nrs\">\n<div class=\"refnrs\"><a name=\"N_17\" href=\"#R_17\">[17]<\/a><\/div>\n<\/td>\n<td class=\"ref_txt\">\n<div class=\"rtxt-nl\">\nJefferson en Middlebrooks, <a href=\"http:\/\/www.amazon.com\/Called-Jefferson-Understand-Hijacked-September\/dp\/188127375X\">Called<\/a>, blz.&nbsp;36.\n<\/div>\n<\/td>\n<\/tr>\n<tr>\n<td class=\"ref_nrs\">\n<div class=\"refnrs\"><a name=\"N_18\" href=\"#R_18\">[18]<\/a><\/div>\n<\/td>\n<td class=\"ref_txt\">\n<div class=\"rtxt-nl\">\nJefferson en Middlebrooks, <a href=\"http:\/\/www.amazon.com\/Called-Jefferson-Understand-Hijacked-September\/dp\/188127375X\">Called<\/a>, hoofdstuk 1.\n<\/div>\n<\/td>\n<\/tr>\n<tr>\n<td class=\"ref_nrs\">\n<div class=\"refnrs\"><a name=\"N_19\" href=\"#R_19\">[19]<\/a><\/div>\n<\/td>\n<td class=\"ref_txt\">\n<div class=\"rtxt-nl\">\nZie <a href=\"https:\/\/web.archive.org\/web\/20161022085658\/http:\/\/documents.intelwire.com\/2008\/03\/911-commission-fbi-source-documents.html\">Intelfiles pagina<\/a> van de FBI waarop de interviews met betrekking tot de telefoontjes van Todd Beamer staan vermeld.\n<\/div>\n<\/td>\n<\/tr>\n<tr>\n<td class=\"ref_nrs\">\n<div class=\"refnrs\"><a name=\"N_20\" href=\"#R_20\">[20]<\/a><\/div>\n<\/td>\n<td class=\"ref_txt\">\n<div class=\"rtxt-nl\">\n<a href=\"http:\/\/911research.wtc7.net\/planes\/evidence\/calldetail.html\">Gedetailleerd Verslag van Telefoongesprekken Gemaakt vanaf de Vluchten op 11 September: Todd Beamer<\/a>. <i>Primaire bronnen:<\/i> <a href=\"https:\/\/www.scribd.com\/doc\/13499791\/T7-B13-Flight-11-Calls-Fdr-Response-From-DOJ-to-Doc-Req-14-Calls-From-AA-11-and-77-and-UA-175-and-93-ATT-Wireless-UA-And-GTE-Airphone-Call-Record\">Brief en gefaxt verslag van het Ministerie van Justitie<\/a> aan het Nationaal Comit\u00e9 Terroristische Aanslagen, 26 april 2004.\n<\/div>\n<\/td>\n<\/tr>\n<tr>\n<td class=\"ref_nrs\">\n<div class=\"refnrs\"><a name=\"N_21\" href=\"#R_21\">[21]<\/a><\/div>\n<\/td>\n<td class=\"ref_txt\">\n<div class=\"rtxt-nl\">\nWendy Schuman, <a href=\"https:\/\/www.beliefnet.com\/inspiration\/2006\/06\/i-promised-i-wouldnt-hang-up.aspx\">Ik Beloofde Niet Op te Hangen<\/a>, Beliefnet, 2006.\n<\/div>\n<\/td>\n<\/tr>\n<tr>\n<td class=\"ref_nrs\">\n<div class=\"refnrs\"><a name=\"N_22\" href=\"#R_22\">[22]<\/a><\/div>\n<\/td>\n<td class=\"ref_txt\">\n<div class=\"rtxt-nl\">\n<span class=\"deadlink\" title=\"voorheen verkrijgbaar bij http:\/\/intelfiles.egoplex.com\/2001-09-29-FBI-phone-records.pdf\">FBI Lead Control Number NK 5381, 09\/29\/2001<\/span>. (De regio van meneer Beamer\u2019s mobiele telefoon was in noordelijk New Jersey [kengetal 908], dus geven de verslagen de oostelijke tijdzone weer; zie referentie <a href=\"https:\/\/www.whitepages.com\/phone\/1-908-930\">hier<\/a>.\n<\/div>\n<\/td>\n<\/tr>\n<tr>\n<td class=\"ref_nrs\">\n<div class=\"refnrs\"><a name=\"N_23\" href=\"#R_23\">[23]<\/a><\/div>\n<\/td>\n<td class=\"ref_txt\">\n<div class=\"rtxt-nl\">\n<span class=\"deadlink\" title=\"voorheen verkrijgbaar bij http:\/\/intelfiles.egoplex.com\/2001-09-11-FBI-FD302-lisa-jefferson.pdf\">FBI interview met Lisa Jefferson<\/span> (<a href=\"https:\/\/www.consensus911.org\/wp-content\/uploads\/2016\/12\/2001-09-11-FBI-FD302-lisa-jefferson.pdf\">backup<\/a>), 11 september 2001; <a href=\"https:\/\/www.intelwire.com\/\"><i>Intelwire<\/i><\/a>.\n<\/div>\n<\/td>\n<\/tr>\n<tr>\n<td class=\"ref_nrs\">\n<div class=\"refnrs\"><a name=\"N_24\" href=\"#R_24\">[24]<\/a><\/div>\n<\/td>\n<td class=\"ref_txt\">\n<div class=\"rtxt-nl\">\nJim McKinnon, \u201c<a href=\"https:\/\/web.archive.org\/web\/20120501235107\/http:\/\/old.post-gazette.com\/headlines\/20010916phonecallnat3p3.asp\">De Telefoonlijn van Vlucht 93 Was Nog Steeds Open Toen een Medewerker van GTE Todd Beamer Hoorde Zeggen: \u2018Zijn Jullie Klaar, Jongens? Daar Gaan We.\u2019<\/a>\u201d, Pittsburgh Post Gazette, 16 september 2001.\n<\/div>\n<\/td>\n<\/tr>\n<tr>\n<td class=\"ref_nrs\">\n<div class=\"refnrs\"><a name=\"N_25\" href=\"#R_25\">[25]<\/a><\/div>\n<\/td>\n<td class=\"ref_txt\">\n<div class=\"rtxt-nl\">\nGrote dank is verschuldigd aan het artikel van \u201cShoestring\u201d, <a href=\"http:\/\/shoestring911.blogspot.com\/2007\/10\/todd-beamers-odd-phone-call-and-silent.html\">Todd Beamer\u2019s Vreemde Telefoontje en de Stille Crash van Vlucht 93<\/a>, voor meerdere punten.\n<\/div>\n<\/td>\n<\/tr>\n<\/tbody>\n<\/table>\n<\/div>\n<p><!-- c9refs --><\/p>\n<\/div>\n<p><!-- c9text --><\/p>\n","protected":false},"excerpt":{"rendered":"<p>Punt PC-1: De vermeende telefoongesprekken van Todd Beamer,<br \/> Punt PC-1: vlucht UA&nbsp;93 <\/p>\n<p class=\"c9np\"><a href=\"https:\/\/www.consensus911.org\/nl\/point-h-2-nl\/\">&lt;&lt; Vorig Punt<\/a>, <a href=\"https:\/\/www.consensus911.org\/nl\/point-pc-1a-nl\/\">Volgend Punt &gt;&gt;<\/a><\/p>\n<p> <a name=\"OFFICIAL\"><\/a>De offici\u00eble lezing Todd Beamer was \u00e9\u00e9n van de passagiers aan boord van UA&nbsp;93 die op heldhaftige wijze voorkwam dat de kapers hun doel in Washington, D.C. zouden bereiken. Hij werd de [&#8230;]<\/p>\n","protected":false},"author":109,"featured_media":0,"parent":0,"menu_order":0,"comment_status":"closed","ping_status":"closed","template":"","meta":{"footnotes":""},"class_list":["post-7431","page","type-page","status-publish","hentry"],"jetpack_sharing_enabled":true,"_links":{"self":[{"href":"https:\/\/www.consensus911.org\/nl\/wp-json\/wp\/v2\/pages\/7431","targetHints":{"allow":["GET"]}}],"collection":[{"href":"https:\/\/www.consensus911.org\/nl\/wp-json\/wp\/v2\/pages"}],"about":[{"href":"https:\/\/www.consensus911.org\/nl\/wp-json\/wp\/v2\/types\/page"}],"author":[{"embeddable":true,"href":"https:\/\/www.consensus911.org\/nl\/wp-json\/wp\/v2\/users\/109"}],"replies":[{"embeddable":true,"href":"https:\/\/www.consensus911.org\/nl\/wp-json\/wp\/v2\/comments?post=7431"}],"version-history":[{"count":5,"href":"https:\/\/www.consensus911.org\/nl\/wp-json\/wp\/v2\/pages\/7431\/revisions"}],"predecessor-version":[{"id":21989,"href":"https:\/\/www.consensus911.org\/nl\/wp-json\/wp\/v2\/pages\/7431\/revisions\/21989"}],"wp:attachment":[{"href":"https:\/\/www.consensus911.org\/nl\/wp-json\/wp\/v2\/media?parent=7431"}],"curies":[{"name":"wp","href":"https:\/\/api.w.org\/{rel}","templated":true}]}}